{"id":284,"date":"2022-01-24T10:54:20","date_gmt":"2022-01-24T10:54:20","guid":{"rendered":"https:\/\/ilrisvegliodeglielfi.it\/progetto\/?page_id=284"},"modified":"2025-11-19T16:21:48","modified_gmt":"2025-11-19T15:21:48","slug":"normativa","status":"publish","type":"page","link":"https:\/\/ilrisvegliodeglielfi.it\/progetto\/en\/normativa\/","title":{"rendered":"Normativa"},"content":{"rendered":"\n<h2 class=\"wp-block-heading\">Normativa<\/h2>\n\n\n\n<div style=\"height:30px\" aria-hidden=\"true\" class=\"wp-block-spacer\"><\/div>\n\n\n\n<h2 class=\"wp-block-heading\" id=\"locazione-turistica\">Locazione Turistica<\/h2>\n\n\n\n<div class=\"wp-block-columns has-nv-site-bg-background-color has-background is-layout-flex wp-container-core-columns-is-layout-9d6595d7 wp-block-columns-is-layout-flex\">\n<div class=\"wp-block-column is-layout-flow wp-block-column-is-layout-flow\" style=\"flex-basis:100%\">\n<blockquote class=\"wp-block-quote has-medium-font-size is-layout-flow wp-block-quote-is-layout-flow\">\n<p><em>\u2013 articolo 1 della legge n. 431 del 9.12.1998 e gli articoli 1575 e seguenti del Codice Civile;<\/em><\/p>\n\n\n\n<p><em>\u2013 articolo 27 bis della L.R. n. 11\/2013;<\/em><\/p>\n\n\n\n<p><em>\u2013 Regolamento n. 2\/2019 aggiornato con Regolamento n. 7\/2020 Regione Veneto;<\/em><\/p>\n\n\n\n<p>\u2013 codice alloggio ai sensi della normativa regionale: 025036-LOC-00029 (ex M0250360039 &#8211; struttura ricettiva complementare \u2013 unit\u00e0 abitativa ammobiliata ad uso turistico).<\/p>\n\n\n\n<p><em>\u2013 C.I.N.: IT025036C2THXZX7VR<\/em>.<\/p>\n<\/blockquote>\n<\/div>\n<\/div>\n\n\n\n<h2 class=\"wp-block-heading has-large-font-size\" id=\"normativa-antidiscriminatoria\">Normativa antidiscriminatoria<\/h2>\n\n\n\n<div class=\"wp-block-columns is-layout-flex wp-container-core-columns-is-layout-9d6595d7 wp-block-columns-is-layout-flex\">\n<div class=\"wp-block-column is-layout-flow wp-block-column-is-layout-flow\" style=\"flex-basis:100%\">\n<div class=\"wp-block-columns has-nv-site-bg-background-color has-background is-layout-flex wp-container-core-columns-is-layout-9d6595d7 wp-block-columns-is-layout-flex\">\n<div class=\"wp-block-column is-layout-flow wp-block-column-is-layout-flow\" style=\"flex-basis:100%\">\n<blockquote class=\"wp-block-quote has-medium-font-size is-layout-flow wp-block-quote-is-layout-flow\">\n<p>normativa antidiscriminatoria in ambito italiano e internazionale a cura della Polizia di Stato: <a href=\"https:\/\/www.poliziadistato.it\/statics\/13\/oscad_elenco_normativa_antidiscriminatoria.pdf\" target=\"_blank\" rel=\"noreferrer noopener\">elenco<\/a><\/p>\n<\/blockquote>\n<\/div>\n<\/div>\n<\/div>\n<\/div>\n\n\n\n<h2 class=\"wp-block-heading has-large-font-size\" id=\"liberta-di-espressione\">Libert\u00e0 di espressione<\/h2>\n\n\n\n<div class=\"wp-block-columns has-nv-site-bg-background-color has-background is-layout-flex wp-container-core-columns-is-layout-9d6595d7 wp-block-columns-is-layout-flex\">\n<div class=\"wp-block-column is-layout-flow wp-block-column-is-layout-flow\" style=\"flex-basis:100%\">\n<blockquote class=\"wp-block-quote has-medium-font-size is-layout-flow wp-block-quote-is-layout-flow\">\n<p>Art. 21 della Costituzione Italiana: <em>Tutti hanno diritto di manifestare liberamente il proprio pensiero con la parola, lo scritto e ogni altro mezzo di diffusione. La stampa non pu\u00f2 essere soggetta ad autorizzazioni o censure<\/em><\/p>\n\n\n\n<p>Art. 19 della Dichiarazione Universale dei Diritti Umani: <em>Ogni individuo ha diritto alla libert\u00e0 di opinione e di espressione incluso il diritto di non essere molestato per la propria opinione e quello di cercare, ricevere e diffondere informazioni e idee attraverso ogni mezzo e senza riguardo a frontiere<\/em><\/p>\n\n\n\n<p>Art.10 della Convenzione Europea dei diritti umani: <em>Ogni\u00a0persona ha diritto alla libert\u00e0 d\u2019espressione. Tale diritto include la libert\u00e0 d\u2019opinione e la libert\u00e0 di ricevere o di comunicare informazioni o idee senza che vi possa essere ingerenza da parte delle autorit\u00e0 pubbliche e senza limiti di frontiera. Il presente articolo non impedisce agli Stati di sottoporre a un regime di autorizzazione le imprese di radiodiffusione, cinematografiche o televisive<\/em><\/p>\n\n\n\n<p>Art. 11 della Carta dei diritti fondamentali dell\u2019Unione Europea: <em>Ogni individuo ha diritto alla libert\u00e0 di espressione. Tale diritto include la libert\u00e0 di opinione e la libert\u00e0 di ricevere o di comunicare informazioni o idee senza che vi possa essere ingerenza da parte delle autorit\u00e0 pubbliche e senza limiti di frontiera. La libert\u00e0 dei media e il loro pluralismo sono rispettati<\/em>.<\/p>\n<\/blockquote>\n<\/div>\n<\/div>\n\n\n\n<div style=\"height:30px\" aria-hidden=\"true\" class=\"wp-block-spacer\"><\/div>\n\n\n\n<div class=\"wp-block-buttons is-content-justification-center is-layout-flex wp-container-core-buttons-is-layout-16018d1d wp-block-buttons-is-layout-flex\">\n<div class=\"wp-block-button\"><a class=\"wp-block-button__link has-neve-text-color-color has-neve-link-hover-color-background-color has-text-color has-background wp-element-button\" href=\"javascript:history.go(-1)\">indietro<\/a><\/div>\n<\/div>\n\n\n\n<div style=\"height:30px\" aria-hidden=\"true\" class=\"wp-block-spacer\"><\/div>\n\n\n\n<div class=\"wp-block-cover alignfull\" style=\"min-height:300px;aspect-ratio:unset;\"><span aria-hidden=\"true\" class=\"wp-block-cover__background has-nv-c-1-background-color has-background-dim\"><\/span><div class=\"wp-block-cover__inner-container is-layout-flow wp-block-cover-is-layout-flow\">\n<div style=\"height:70px\" aria-hidden=\"true\" class=\"wp-block-spacer\"><\/div>\n\n\n\n<h2 class=\"wp-block-heading has-text-align-center has-nv-text-dark-bg-color has-text-color\" id=\"contattaci-per-maggiori-informazioni-per-disponibilita-e-prenotazioni\">Contattaci per maggiori informazioni, per disponibilit\u00e0 e prenotazioni.<\/h2>\n\n\n\n<p class=\"has-text-align-center has-medium-font-size\"><\/p>\n\n\n\n<div class=\"wp-block-buttons is-horizontal is-content-justification-center is-layout-flex wp-container-core-buttons-is-layout-499968f5 wp-block-buttons-is-layout-flex\">\n<div class=\"wp-block-button is-style-primary\"><a class=\"wp-block-button__link wp-element-button\" href=\"https:\/\/ilrisvegliodeglielfi.it\/progetto\/index.php\/contattaci\">Contatti<\/a><\/div>\n<\/div>\n\n\n\n<div style=\"height:70px\" aria-hidden=\"true\" class=\"wp-block-spacer\"><\/div>\n<\/div><\/div>\n\n\n\n<div style=\"height:30px\" aria-hidden=\"true\" class=\"wp-block-spacer\"><\/div>\n","protected":false},"excerpt":{"rendered":"<p>Normativa Locazione Turistica \u2013 articolo 1 della legge n. 431 del 9.12.1998 e gli articoli 1575 e seguenti del Codice Civile; \u2013 articolo 27 bis della L.R. n. 11\/2013; \u2013 Regolamento n. 2\/2019 aggiornato con Regolamento n. 7\/2020 Regione Veneto; \u2013 codice alloggio ai sensi della normativa regionale: 025036-LOC-00029 (ex M0250360039 &#8211; struttura ricettiva complementare&hellip;&nbsp;<a href=\"https:\/\/ilrisvegliodeglielfi.it\/progetto\/en\/normativa\/\" rel=\"bookmark\">Read More &raquo;<span class=\"screen-reader-text\">Normativa<\/span><\/a><\/p>\n","protected":false},"author":1,"featured_media":0,"parent":0,"menu_order":0,"comment_status":"closed","ping_status":"closed","template":"","meta":{"neve_meta_sidebar":"","neve_meta_container":"","neve_meta_enable_content_width":"","neve_meta_content_width":0,"neve_meta_title_alignment":"","neve_meta_author_avatar":"","neve_post_elements_order":"","neve_meta_disable_header":"","neve_meta_disable_footer":"","neve_meta_disable_title":"on","pgc_sgb_lightbox_settings":"","footnotes":""},"class_list":["post-284","page","type-page","status-publish","hentry"],"yoast_head":"<!-- This site is optimized with the Yoast SEO plugin v26.6 - https:\/\/yoast.com\/wordpress\/plugins\/seo\/ -->\n<title>Normativa<\/title>\n<meta name=\"description\" content=\"Vacanza sostenibile in montagna - Dolomiti bellunesi - Locazione turistica Pedaven\" \/>\n<meta name=\"robots\" content=\"index, follow, max-snippet:-1, max-image-preview:large, max-video-preview:-1\" \/>\n<link rel=\"canonical\" href=\"\" \/>\n<meta property=\"og:locale\" content=\"en_US\" \/>\n<meta property=\"og:type\" content=\"article\" \/>\n<meta property=\"og:title\" content=\"Normativa\" \/>\n<meta property=\"og:description\" content=\"Vacanza sostenibile in montagna - Dolomiti bellunesi - Locazione turistica Pedaven\" \/>\n<meta property=\"og:url\" content=\"https:\/\/ilrisvegliodeglielfi.it\/progetto\/en\/normativa\/\" \/>\n<meta property=\"og:site_name\" content=\"Il Risveglio degli Elfi\" \/>\n<meta property=\"article:modified_time\" content=\"2025-11-19T15:21:48+00:00\" \/>\n<meta name=\"twitter:card\" content=\"summary_large_image\" \/>\n<meta name=\"twitter:label1\" content=\"Est. reading time\" \/>\n\t<meta name=\"twitter:data1\" content=\"1 minute\" \/>\n<script type=\"application\/ld+json\" class=\"yoast-schema-graph\">{\"@context\":\"https:\/\/schema.org\",\"@graph\":[{\"@type\":\"WebPage\",\"@id\":\"https:\/\/ilrisvegliodeglielfi.it\/progetto\/en\/normativa\/\",\"url\":\"https:\/\/ilrisvegliodeglielfi.it\/progetto\/en\/normativa\/\",\"name\":\"Normativa - Il Risveglio degli Elfi\",\"isPartOf\":{\"@id\":\"https:\/\/ilrisvegliodeglielfi.it\/progetto\/#website\"},\"datePublished\":\"2022-01-24T10:54:20+00:00\",\"dateModified\":\"2025-11-19T15:21:48+00:00\",\"description\":\"Vacanza sostenibile in montagna - Dolomiti bellunesi - Locazione turistica Pedaven\",\"breadcrumb\":{\"@id\":\"https:\/\/ilrisvegliodeglielfi.it\/progetto\/en\/normativa\/#breadcrumb\"},\"inLanguage\":\"en-US\",\"potentialAction\":[{\"@type\":\"ReadAction\",\"target\":[\"https:\/\/ilrisvegliodeglielfi.it\/progetto\/en\/normativa\/\"]}]},{\"@type\":\"BreadcrumbList\",\"@id\":\"https:\/\/ilrisvegliodeglielfi.it\/progetto\/en\/normativa\/#breadcrumb\",\"itemListElement\":[{\"@type\":\"ListItem\",\"position\":1,\"name\":\"Home\",\"item\":\"https:\/\/ilrisvegliodeglielfi.it\/progetto\/\"},{\"@type\":\"ListItem\",\"position\":2,\"name\":\"Normativa\"}]},{\"@type\":\"WebSite\",\"@id\":\"https:\/\/ilrisvegliodeglielfi.it\/progetto\/en\/#website\",\"url\":\"https:\/\/ilrisvegliodeglielfi.it\/progetto\/en\/\",\"name\":\"Il Risveglio degli Elfi\",\"description\":\"Progetto Natura Veneto Valbelluna Feltre\",\"publisher\":{\"@id\":\"https:\/\/ilrisvegliodeglielfi.it\/progetto\/en\/#organization\"},\"potentialAction\":[{\"@type\":\"SearchAction\",\"target\":{\"@type\":\"EntryPoint\",\"urlTemplate\":\"https:\/\/ilrisvegliodeglielfi.it\/progetto\/en\/?s={search_term_string}\"},\"query-input\":{\"@type\":\"PropertyValueSpecification\",\"valueRequired\":true,\"valueName\":\"search_term_string\"}}],\"inLanguage\":\"en-US\"},{\"@type\":\"Organization\",\"@id\":\"https:\/\/ilrisvegliodeglielfi.it\/progetto\/en\/#organization\",\"name\":\"il Risveglio degli Elfi\",\"url\":\"https:\/\/ilrisvegliodeglielfi.it\/progetto\/en\/\",\"logo\":{\"@type\":\"ImageObject\",\"inLanguage\":\"en-US\",\"@id\":\"https:\/\/ilrisvegliodeglielfi.it\/progetto\/en\/#\/schema\/logo\/image\/\",\"url\":\"https:\/\/ilrisvegliodeglielfi.it\/progetto\/wp-content\/uploads\/2021\/11\/elf3.png?v=1650234294\",\"contentUrl\":\"https:\/\/ilrisvegliodeglielfi.it\/progetto\/wp-content\/uploads\/2021\/11\/elf3.png?v=1650234294\",\"width\":1067,\"height\":1600,\"caption\":\"il Risveglio degli Elfi\"},\"image\":{\"@id\":\"https:\/\/ilrisvegliodeglielfi.it\/progetto\/en\/#\/schema\/logo\/image\/\"}}]}<\/script>\n<!-- \/ Yoast SEO plugin. -->","yoast_head_json":{"title":"Normativa","description":"Vacanza sostenibile in montagna - Dolomiti bellunesi - Locazione turistica Pedaven","robots":{"index":"index","follow":"follow","max-snippet":"max-snippet:-1","max-image-preview":"max-image-preview:large","max-video-preview":"max-video-preview:-1"},"canonical":"Normativa Locazione Turistica \u2013 articolo 1 della legge n. 431 del 9.12.1998 e gli articoli 1575 e seguenti del Codice Civile; \u2013 articolo 27 bis della L.R. n. 11\/2013; \u2013 Regolamento n. 2\/2019 aggiornato con Regolamento n. 7\/2020 Regione Veneto; \u2013 codice alloggio ai sensi della normativa regionale: 025036-LOC-00029 (ex M0250360039 - struttura ricettiva complementare&hellip;","og_locale":"en_US","og_type":"article","og_title":"Normativa","og_description":"Vacanza sostenibile in montagna - Dolomiti bellunesi - Locazione turistica Pedaven","og_url":"https:\/\/ilrisvegliodeglielfi.it\/progetto\/en\/normativa\/","og_site_name":"Il Risveglio degli Elfi","article_modified_time":"2025-11-19T15:21:48+00:00","twitter_card":"summary_large_image","twitter_misc":{"Est. reading time":"1 minute"},"schema":{"@context":"https:\/\/schema.org","@graph":[{"@type":"WebPage","@id":"https:\/\/ilrisvegliodeglielfi.it\/progetto\/en\/normativa\/","url":"https:\/\/ilrisvegliodeglielfi.it\/progetto\/en\/normativa\/","name":"Normativa - Il Risveglio degli Elfi","isPartOf":{"@id":"https:\/\/ilrisvegliodeglielfi.it\/progetto\/#website"},"datePublished":"2022-01-24T10:54:20+00:00","dateModified":"2025-11-19T15:21:48+00:00","description":"Vacanza sostenibile in montagna - Dolomiti bellunesi - Locazione turistica Pedaven","breadcrumb":{"@id":"https:\/\/ilrisvegliodeglielfi.it\/progetto\/en\/normativa\/#breadcrumb"},"inLanguage":"en-US","potentialAction":[{"@type":"ReadAction","target":["https:\/\/ilrisvegliodeglielfi.it\/progetto\/en\/normativa\/"]}]},{"@type":"BreadcrumbList","@id":"https:\/\/ilrisvegliodeglielfi.it\/progetto\/en\/normativa\/#breadcrumb","itemListElement":[{"@type":"ListItem","position":1,"name":"Home","item":"https:\/\/ilrisvegliodeglielfi.it\/progetto\/"},{"@type":"ListItem","position":2,"name":"Normativa"}]},{"@type":"WebSite","@id":"https:\/\/ilrisvegliodeglielfi.it\/progetto\/en\/#website","url":"https:\/\/ilrisvegliodeglielfi.it\/progetto\/en\/","name":"Il Risveglio degli Elfi","description":"Progetto Natura Veneto Valbelluna Feltre","publisher":{"@id":"https:\/\/ilrisvegliodeglielfi.it\/progetto\/en\/#organization"},"potentialAction":[{"@type":"SearchAction","target":{"@type":"EntryPoint","urlTemplate":"https:\/\/ilrisvegliodeglielfi.it\/progetto\/en\/?s={search_term_string}"},"query-input":{"@type":"PropertyValueSpecification","valueRequired":true,"valueName":"search_term_string"}}],"inLanguage":"en-US"},{"@type":"Organization","@id":"https:\/\/ilrisvegliodeglielfi.it\/progetto\/en\/#organization","name":"il Risveglio degli Elfi","url":"https:\/\/ilrisvegliodeglielfi.it\/progetto\/en\/","logo":{"@type":"ImageObject","inLanguage":"en-US","@id":"https:\/\/ilrisvegliodeglielfi.it\/progetto\/en\/#\/schema\/logo\/image\/","url":"https:\/\/ilrisvegliodeglielfi.it\/progetto\/wp-content\/uploads\/2021\/11\/elf3.png?v=1650234294","contentUrl":"https:\/\/ilrisvegliodeglielfi.it\/progetto\/wp-content\/uploads\/2021\/11\/elf3.png?v=1650234294","width":1067,"height":1600,"caption":"il Risveglio degli Elfi"},"image":{"@id":"https:\/\/ilrisvegliodeglielfi.it\/progetto\/en\/#\/schema\/logo\/image\/"}}]}},"_links":{"self":[{"href":"https:\/\/ilrisvegliodeglielfi.it\/progetto\/en\/wp-json\/wp\/v2\/pages\/284","targetHints":{"allow":["GET"]}}],"collection":[{"href":"https:\/\/ilrisvegliodeglielfi.it\/progetto\/en\/wp-json\/wp\/v2\/pages"}],"about":[{"href":"https:\/\/ilrisvegliodeglielfi.it\/progetto\/en\/wp-json\/wp\/v2\/types\/page"}],"author":[{"embeddable":true,"href":"https:\/\/ilrisvegliodeglielfi.it\/progetto\/en\/wp-json\/wp\/v2\/users\/1"}],"replies":[{"embeddable":true,"href":"https:\/\/ilrisvegliodeglielfi.it\/progetto\/en\/wp-json\/wp\/v2\/comments?post=284"}],"version-history":[{"count":14,"href":"https:\/\/ilrisvegliodeglielfi.it\/progetto\/en\/wp-json\/wp\/v2\/pages\/284\/revisions"}],"predecessor-version":[{"id":2430,"href":"https:\/\/ilrisvegliodeglielfi.it\/progetto\/en\/wp-json\/wp\/v2\/pages\/284\/revisions\/2430"}],"wp:attachment":[{"href":"https:\/\/ilrisvegliodeglielfi.it\/progetto\/en\/wp-json\/wp\/v2\/media?parent=284"}],"curies":[{"name":"wp","href":"https:\/\/api.w.org\/{rel}","templated":true}]}}