{"id":567,"date":"2022-04-21T19:24:00","date_gmt":"2022-04-21T19:24:00","guid":{"rendered":"https:\/\/ilrisvegliodeglielfi.it\/progetto\/?page_id=567"},"modified":"2022-05-26T02:06:20","modified_gmt":"2022-05-26T00:06:20","slug":"sostienici","status":"publish","type":"page","link":"https:\/\/ilrisvegliodeglielfi.it\/progetto\/en\/sostienici\/","title":{"rendered":"Sostienici"},"content":{"rendered":"\n<div style=\"height:30px\" aria-hidden=\"true\" class=\"wp-block-spacer\"><\/div>\n\n\n\n<h2 class=\"wp-block-heading\">Sostienici<\/h2>\n\n\n\n<div style=\"height:30px\" aria-hidden=\"true\" class=\"wp-block-spacer\"><\/div>\n\n\n<div class=\"wp-block-image\">\n<figure class=\"aligncenter size-full\"><img width=\"740\" height=\"589\" src=\"https:\/\/ilrisvegliodeglielfi.it\/progetto\/wp-content\/uploads\/2022\/04\/GnomiCarriola.webp\" alt=\"\" class=\"wp-image-569\" srcset=\"https:\/\/ilrisvegliodeglielfi.it\/progetto\/wp-content\/uploads\/2022\/04\/GnomiCarriola.webp 740w, https:\/\/ilrisvegliodeglielfi.it\/progetto\/wp-content\/uploads\/2022\/04\/GnomiCarriola-300x239.webp 300w\" sizes=\"(max-width: 740px) 100vw, 740px\" \/><\/figure>\n<\/div>\n\n\n<p class=\"has-nv-site-bg-background-color has-background\">Il progetto de &#8220;Il Risveglio degli Elfi&#8221; richiede impegno e sacrifici costanti. Il lavoro svolto finora ci rende molto soddisfatti&#8230; ma c&#8217;\u00e8 ancora tanto da faticare!<\/p>\n\n\n\n<p class=\"has-nv-site-bg-background-color has-background\">Gli Elfi, gli gnomi, le fate e i folletti grazie a Dio ci aiutano molto ma se tu, caro visitatore umano, volessi sostenerci te ne saremmo davvero grati \ud83d\ude42<\/p>\n\n\n\n<p class=\"has-nv-site-bg-background-color has-background\">Oltre alla ospitalit\u00e0 turistica \u00e8 possibile sostenerci attaverso donazioni. Anche quello che voi umani chiamate &#8220;Caff\u00e8&#8221; sarebbe un gradito aiuto.<\/p>\n\n\n\n<p class=\"has-nv-site-bg-background-color has-background\">Il salvadanaio \u00e8 aperto per tanti progetti ma tra i tanti spiccano:<\/p>\n\n\n\n<div class=\"wp-block-columns has-nv-site-bg-background-color has-background is-layout-flex wp-container-core-columns-is-layout-9d6595d7 wp-block-columns-is-layout-flex\">\n<div class=\"wp-block-column is-layout-flow wp-block-column-is-layout-flow\">\n<figure class=\"wp-block-image size-large\"><img width=\"768\" height=\"1024\" src=\"https:\/\/ilrisvegliodeglielfi.it\/progetto\/wp-content\/uploads\/2022\/04\/SantAntonio-768x1024.jpg?v=1650872897\" alt=\"\" class=\"wp-image-596\" srcset=\"https:\/\/ilrisvegliodeglielfi.it\/progetto\/wp-content\/uploads\/2022\/04\/SantAntonio-768x1024.jpg?v=1650872897 768w, https:\/\/ilrisvegliodeglielfi.it\/progetto\/wp-content\/uploads\/2022\/04\/SantAntonio-225x300.jpg?v=1650872897 225w, https:\/\/ilrisvegliodeglielfi.it\/progetto\/wp-content\/uploads\/2022\/04\/SantAntonio-1152x1536.jpg?v=1650872897 1152w, https:\/\/ilrisvegliodeglielfi.it\/progetto\/wp-content\/uploads\/2022\/04\/SantAntonio.jpg?v=1650872897 1536w\" sizes=\"(max-width: 768px) 100vw, 768px\" \/><\/figure>\n<\/div>\n\n\n\n<div class=\"wp-block-column is-layout-flow wp-block-column-is-layout-flow\">\n<h3 class=\"wp-block-heading\">Restauro dell&#8217;affresco di Sant&#8217;Antonio<\/h3>\n\n\n\n<p>Affresco risalente a fine 1800\/inizio 1900 evidentemente compromesso dagli anni e dagli agenti atmosferici. La tempesta &#8220;Vaia&#8221; purtroppo ha peggiorato la situazione.<\/p>\n<\/div>\n<\/div>\n\n\n\n<div class=\"wp-block-columns has-nv-site-bg-background-color has-background is-layout-flex wp-container-core-columns-is-layout-9d6595d7 wp-block-columns-is-layout-flex\">\n<div class=\"wp-block-column is-layout-flow wp-block-column-is-layout-flow\">\n<figure class=\"wp-block-image size-full\"><img width=\"600\" height=\"449\" src=\"https:\/\/ilrisvegliodeglielfi.it\/progetto\/wp-content\/uploads\/2022\/04\/meleantiche.webp\" alt=\"\" class=\"wp-image-573\" srcset=\"https:\/\/ilrisvegliodeglielfi.it\/progetto\/wp-content\/uploads\/2022\/04\/meleantiche.webp 600w, https:\/\/ilrisvegliodeglielfi.it\/progetto\/wp-content\/uploads\/2022\/04\/meleantiche-300x225.webp 300w\" sizes=\"(max-width: 600px) 100vw, 600px\" \/><\/figure>\n<\/div>\n\n\n\n<div class=\"wp-block-column is-layout-flow wp-block-column-is-layout-flow\">\n<h3 class=\"wp-block-heading\">Recupero di variet\u00e0 antiche<\/h3>\n\n\n\n<p>Negli ultimi 50 anni il mondo agricolo \u00e8 stato lentamente abbandonato e la maggior parte di chi ha continuato ad operare nel settore si \u00e8 concentrato su coltivazioni di poche specie particolarmente produttive, generalmente in modo intensivo. Recuperare antiche variet\u00e0 di frutta e verdura consentirebbe di recuperare antichi sapori e arricchire la biodiversit\u00e0 del territorio.<\/p>\n<\/div>\n<\/div>\n\n\n\n<div style=\"height:50px\" aria-hidden=\"true\" class=\"wp-block-spacer\"><\/div>\n\n\n\n<p><strong>Per effettuare una donazione clicca qui<\/strong><\/p>\n\n\n\n<div class=\"wp-block-buttons is-layout-flex wp-block-buttons-is-layout-flex\">\n<div class=\"wp-block-button\"><a class=\"wp-block-button__link has-neve-text-color-color has-neve-link-hover-color-background-color has-text-color has-background\" href=\"https:\/\/ilrisvegliodeglielfi.it\/progetto\/index.php\/donazioni\/\">DONA<\/a><\/div>\n<\/div>\n\n\n\n<div style=\"height:50px\" aria-hidden=\"true\" class=\"wp-block-spacer\"><\/div>\n\n\n\n<div class=\"wp-block-cover aligncenter\" style=\"min-height:300px;aspect-ratio:unset;\"><span aria-hidden=\"true\" class=\"wp-block-cover__background has-nv-c-1-background-color has-background-dim-80 has-background-dim\"><\/span><div class=\"wp-block-cover__inner-container is-layout-flow wp-block-cover-is-layout-flow\">\n<div style=\"height:70px\" aria-hidden=\"true\" class=\"wp-block-spacer\"><\/div>\n\n\n\n<h2 class=\"has-text-align-center has-nv-text-dark-bg-color has-text-color wp-block-heading\">Per qualsiasi informazione<\/h2>\n\n\n\n<p class=\"has-text-align-center has-medium-font-size\"><\/p>\n\n\n\n<div class=\"wp-block-buttons is-horizontal is-content-justification-center is-layout-flex wp-container-core-buttons-is-layout-499968f5 wp-block-buttons-is-layout-flex\">\n<div class=\"wp-block-button is-style-primary\"><a class=\"wp-block-button__link\" href=\"https:\/\/ilrisvegliodeglielfi.it\/progetto\/index.php\/contattaci\">CONTATTI<\/a><\/div>\n<\/div>\n\n\n\n<div style=\"height:50px\" aria-hidden=\"true\" class=\"wp-block-spacer\"><\/div>\n\n\n\n<p class=\"has-text-align-center\">Inserisci il tuo indirizzo di posta elettronica per ricevere aggiornamenti (mai invadenti) sul mondo degli Elfi \ud83d\ude42<\/p>\n\n\n\n<div class=\"wp-block-contact-form-7-contact-form-selector\">\n<div class=\"wpcf7 no-js\" id=\"wpcf7-f608-o1\" lang=\"it-IT\" dir=\"ltr\" data-wpcf7-id=\"608\">\n<div class=\"screen-reader-response\"><p role=\"status\" aria-live=\"polite\" aria-atomic=\"true\"><\/p> <ul><\/ul><\/div>\n<form action=\"\/progetto\/en\/wp-json\/wp\/v2\/pages\/567#wpcf7-f608-o1\" method=\"post\" class=\"wpcf7-form init\" aria-label=\"Modulo di contatto\" novalidate=\"novalidate\" data-status=\"init\">\n<fieldset class=\"hidden-fields-container\"><input type=\"hidden\" name=\"_wpcf7\" value=\"608\" \/><input type=\"hidden\" name=\"_wpcf7_version\" value=\"6.1.4\" \/><input type=\"hidden\" name=\"_wpcf7_locale\" value=\"it_IT\" \/><input type=\"hidden\" name=\"_wpcf7_unit_tag\" value=\"wpcf7-f608-o1\" \/><input type=\"hidden\" name=\"_wpcf7_container_post\" value=\"0\" \/><input type=\"hidden\" name=\"_wpcf7_posted_data_hash\" value=\"\" \/>\n<\/fieldset>\n<p><label> Il tuo nome<br \/>\n<span class=\"wpcf7-form-control-wrap\" data-name=\"your-name\"><input size=\"40\" maxlength=\"400\" class=\"wpcf7-form-control wpcf7-text wpcf7-validates-as-required\" aria-required=\"true\" aria-invalid=\"false\" value=\"\" type=\"text\" name=\"your-name\" \/><\/span> <\/label>\n<\/p>\n<p><label> La tua email<br \/>\n<span class=\"wpcf7-form-control-wrap\" data-name=\"your-email\"><input size=\"40\" maxlength=\"400\" class=\"wpcf7-form-control wpcf7-email wpcf7-validates-as-required wpcf7-text wpcf7-validates-as-email\" aria-required=\"true\" aria-invalid=\"false\" value=\"\" type=\"email\" name=\"your-email\" \/><\/span> <\/label>\n<\/p>\n<p><span class=\"wpcf7-form-control-wrap wpcaptcha-36\"><p class=\"c4wp-display-captcha-form\"><label for=\"Codice di controllo CAPTCHA da inserire appena sotto\">Codice di controllo CAPTCHA da inserire appena sotto<\/label><img src=\"https:\/\/ilrisvegliodeglielfi.it\/progetto\/wp-admin\/admin-ajax.php?action=c4wp_refresh_captcha&c4wp_random_input_captcha=54740\" class=\"c4wp_image\"\/><br\/><a href=\"javascript:void(0);\" class=\"refresh_captcha\" data-imgsrc=\"https:\/\/ilrisvegliodeglielfi.it\/progetto\/wp-admin\/admin-ajax.php?action=c4wp_refresh_captcha&c4wp_random_input_captcha=91671\"><img src=\"https:\/\/ilrisvegliodeglielfi.it\/progetto\/wp-content\/plugins\/wp-captcha\/\/assets\/images\/c4wp-refresh-captcha.png\" class=\"c4wp-refresh-captcha\"\/><\/a><br \/><br \/><strong>Enter Captcha Here : <\/strong><input id=\"c4wp_user_input_captcha\" name=\"c4wp_user_input_captcha\" class=\"c4wp_user_input_captcha\" type=\"text\" autocomplete=\"off\"><\/p><\/span><input type=\"hidden\" name=\"wpcaptcha-36-sn\" \/>\n<\/p>\n<p><span class=\"wpcf7-form-control-wrap\" data-name=\"acceptance-782\"><span class=\"wpcf7-form-control wpcf7-acceptance\"><span class=\"wpcf7-list-item\"><label><input type=\"checkbox\" name=\"acceptance-782\" value=\"1\" aria-invalid=\"false\" \/><span class=\"wpcf7-list-item-label\">Confermo di aver letto l'informativa sulla tutela della <a href=\"https:\/\/ilrisvegliodeglielfi.it\/progetto\/index.php\/privacy-policy\/\" target=\"_blank\">Privacy<\/a> ed accetto il trattamento dei miei dati<\/span><\/label><\/span><\/span><\/span>\n<\/p>\n<p><input class=\"wpcf7-form-control wpcf7-submit has-spinner\" type=\"submit\" value=\"Invia\" \/>\n<\/p><div class=\"wpcf7-response-output\" aria-hidden=\"true\"><\/div>\n<\/form>\n<\/div>\n<\/div>\n\n\n\n<div style=\"height:70px\" aria-hidden=\"true\" class=\"wp-block-spacer\"><\/div>\n<\/div><\/div>\n\n\n\n<div style=\"height:30px\" aria-hidden=\"true\" class=\"wp-block-spacer\"><\/div>\n","protected":false},"excerpt":{"rendered":"<p>Sostienici Il progetto de &#8220;Il Risveglio degli Elfi&#8221; richiede impegno e sacrifici costanti. Il lavoro svolto finora ci rende molto soddisfatti&#8230; ma c&#8217;\u00e8 ancora tanto da faticare! Gli Elfi, gli gnomi, le fate e i folletti grazie a Dio ci aiutano molto ma se tu, caro visitatore umano, volessi sostenerci te ne saremmo davvero grati&hellip;&nbsp;<a href=\"https:\/\/ilrisvegliodeglielfi.it\/progetto\/en\/sostienici\/\" rel=\"bookmark\">Read More &raquo;<span class=\"screen-reader-text\">Sostienici<\/span><\/a><\/p>\n","protected":false},"author":1,"featured_media":0,"parent":0,"menu_order":0,"comment_status":"closed","ping_status":"closed","template":"","meta":{"neve_meta_sidebar":"","neve_meta_container":"","neve_meta_enable_content_width":"","neve_meta_content_width":0,"neve_meta_title_alignment":"","neve_meta_author_avatar":"","neve_post_elements_order":"","neve_meta_disable_header":"","neve_meta_disable_footer":"","neve_meta_disable_title":"on","pgc_sgb_lightbox_settings":"","footnotes":""},"class_list":["post-567","page","type-page","status-publish","hentry"],"yoast_head":"<!-- This site is optimized with the Yoast SEO plugin v26.6 - https:\/\/yoast.com\/wordpress\/plugins\/seo\/ -->\n<title>Sostienici<\/title>\n<meta name=\"description\" content=\"Vacanza sostenibile in montagna - Dolomiti bellunesi - Locazione turistica Pedavena\" \/>\n<meta name=\"robots\" content=\"index, follow, max-snippet:-1, max-image-preview:large, max-video-preview:-1\" \/>\n<link rel=\"canonical\" href=\"http:\/\/Sostienici%20Il%20progetto%20de%20Il%20Risveglio%20degli%20Elfi%20richiede%20impegno%20e%20sacrifici%20costanti.%20Il%20lavoro%20svolto%20finora%20ci%20rende%20molto%20soddisfatti...%20ma%20c'\u00e8%20ancora%20tanto%20da%20faticare!%20Gli%20Elfi,%20gli%20gnomi,%20le%20fate%20e%20i%20folletti%20grazie%20a%20Dio%20ci%20aiutano%20molto%20ma%20se%20tu,%20caro%20visitatore%20umano,%20volessi%20sostenerci%20te%20ne%20saremmo%20davvero%20grati&hellip;\" \/>\n<meta property=\"og:locale\" content=\"en_US\" \/>\n<meta property=\"og:type\" content=\"article\" \/>\n<meta property=\"og:title\" content=\"Sostienici\" \/>\n<meta property=\"og:description\" content=\"Vacanza sostenibile in montagna - Dolomiti bellunesi - Locazione turistica Pedavena\" \/>\n<meta property=\"og:url\" content=\"https:\/\/ilrisvegliodeglielfi.it\/progetto\/en\/sostienici\/\" \/>\n<meta property=\"og:site_name\" content=\"Il Risveglio degli Elfi\" \/>\n<meta property=\"article:modified_time\" content=\"2022-05-26T00:06:20+00:00\" \/>\n<meta property=\"og:image\" content=\"https:\/\/ilrisvegliodeglielfi.it\/progetto\/wp-content\/uploads\/2022\/04\/GnomiCarriola.webp\" \/>\n<meta name=\"twitter:card\" content=\"summary_large_image\" \/>\n<meta name=\"twitter:label1\" content=\"Est. reading time\" \/>\n\t<meta name=\"twitter:data1\" content=\"2 minutes\" \/>\n<script type=\"application\/ld+json\" class=\"yoast-schema-graph\">{\"@context\":\"https:\/\/schema.org\",\"@graph\":[{\"@type\":\"WebPage\",\"@id\":\"https:\/\/ilrisvegliodeglielfi.it\/progetto\/en\/sostienici\/\",\"url\":\"https:\/\/ilrisvegliodeglielfi.it\/progetto\/en\/sostienici\/\",\"name\":\"Sostienici - Il Risveglio degli Elfi\",\"isPartOf\":{\"@id\":\"https:\/\/ilrisvegliodeglielfi.it\/progetto\/#website\"},\"primaryImageOfPage\":{\"@id\":\"https:\/\/ilrisvegliodeglielfi.it\/progetto\/en\/sostienici\/#primaryimage\"},\"image\":{\"@id\":\"https:\/\/ilrisvegliodeglielfi.it\/progetto\/en\/sostienici\/#primaryimage\"},\"thumbnailUrl\":\"https:\/\/ilrisvegliodeglielfi.it\/progetto\/wp-content\/uploads\/2022\/04\/GnomiCarriola.webp\",\"datePublished\":\"2022-04-21T19:24:00+00:00\",\"dateModified\":\"2022-05-26T00:06:20+00:00\",\"description\":\"Vacanza sostenibile in montagna - Dolomiti bellunesi - Locazione turistica Pedavena\",\"breadcrumb\":{\"@id\":\"https:\/\/ilrisvegliodeglielfi.it\/progetto\/en\/sostienici\/#breadcrumb\"},\"inLanguage\":\"en-US\",\"potentialAction\":[{\"@type\":\"ReadAction\",\"target\":[\"https:\/\/ilrisvegliodeglielfi.it\/progetto\/en\/sostienici\/\"]}]},{\"@type\":\"ImageObject\",\"inLanguage\":\"en-US\",\"@id\":\"https:\/\/ilrisvegliodeglielfi.it\/progetto\/en\/sostienici\/#primaryimage\",\"url\":\"https:\/\/ilrisvegliodeglielfi.it\/progetto\/wp-content\/uploads\/2022\/04\/GnomiCarriola.webp\",\"contentUrl\":\"https:\/\/ilrisvegliodeglielfi.it\/progetto\/wp-content\/uploads\/2022\/04\/GnomiCarriola.webp\"},{\"@type\":\"BreadcrumbList\",\"@id\":\"https:\/\/ilrisvegliodeglielfi.it\/progetto\/en\/sostienici\/#breadcrumb\",\"itemListElement\":[{\"@type\":\"ListItem\",\"position\":1,\"name\":\"Home\",\"item\":\"https:\/\/ilrisvegliodeglielfi.it\/progetto\/\"},{\"@type\":\"ListItem\",\"position\":2,\"name\":\"Sostienici\"}]},{\"@type\":\"WebSite\",\"@id\":\"https:\/\/ilrisvegliodeglielfi.it\/progetto\/en\/#website\",\"url\":\"https:\/\/ilrisvegliodeglielfi.it\/progetto\/en\/\",\"name\":\"Il Risveglio degli Elfi\",\"description\":\"Progetto Natura Veneto Valbelluna Feltre\",\"publisher\":{\"@id\":\"https:\/\/ilrisvegliodeglielfi.it\/progetto\/en\/#organization\"},\"potentialAction\":[{\"@type\":\"SearchAction\",\"target\":{\"@type\":\"EntryPoint\",\"urlTemplate\":\"https:\/\/ilrisvegliodeglielfi.it\/progetto\/en\/?s={search_term_string}\"},\"query-input\":{\"@type\":\"PropertyValueSpecification\",\"valueRequired\":true,\"valueName\":\"search_term_string\"}}],\"inLanguage\":\"en-US\"},{\"@type\":\"Organization\",\"@id\":\"https:\/\/ilrisvegliodeglielfi.it\/progetto\/en\/#organization\",\"name\":\"il Risveglio degli Elfi\",\"url\":\"https:\/\/ilrisvegliodeglielfi.it\/progetto\/en\/\",\"logo\":{\"@type\":\"ImageObject\",\"inLanguage\":\"en-US\",\"@id\":\"https:\/\/ilrisvegliodeglielfi.it\/progetto\/en\/#\/schema\/logo\/image\/\",\"url\":\"https:\/\/ilrisvegliodeglielfi.it\/progetto\/wp-content\/uploads\/2021\/11\/elf3.png?v=1650234294\",\"contentUrl\":\"https:\/\/ilrisvegliodeglielfi.it\/progetto\/wp-content\/uploads\/2021\/11\/elf3.png?v=1650234294\",\"width\":1067,\"height\":1600,\"caption\":\"il Risveglio degli Elfi\"},\"image\":{\"@id\":\"https:\/\/ilrisvegliodeglielfi.it\/progetto\/en\/#\/schema\/logo\/image\/\"}}]}<\/script>\n<!-- \/ Yoast SEO plugin. -->","yoast_head_json":{"title":"Sostienici","description":"Vacanza sostenibile in montagna - Dolomiti bellunesi - Locazione turistica Pedavena","robots":{"index":"index","follow":"follow","max-snippet":"max-snippet:-1","max-image-preview":"max-image-preview:large","max-video-preview":"max-video-preview:-1"},"canonical":"Sostienici Il progetto de \"Il Risveglio degli Elfi\" richiede impegno e sacrifici costanti. Il lavoro svolto finora ci rende molto soddisfatti... ma c'\u00e8 ancora tanto da faticare! Gli Elfi, gli gnomi, le fate e i folletti grazie a Dio ci aiutano molto ma se tu, caro visitatore umano, volessi sostenerci te ne saremmo davvero grati&hellip;","og_locale":"en_US","og_type":"article","og_title":"Sostienici","og_description":"Vacanza sostenibile in montagna - Dolomiti bellunesi - Locazione turistica Pedavena","og_url":"https:\/\/ilrisvegliodeglielfi.it\/progetto\/en\/sostienici\/","og_site_name":"Il Risveglio degli Elfi","article_modified_time":"2022-05-26T00:06:20+00:00","og_image":[{"url":"https:\/\/ilrisvegliodeglielfi.it\/progetto\/wp-content\/uploads\/2022\/04\/GnomiCarriola.webp","type":"","width":"","height":""}],"twitter_card":"summary_large_image","twitter_misc":{"Est. reading time":"2 minutes"},"schema":{"@context":"https:\/\/schema.org","@graph":[{"@type":"WebPage","@id":"https:\/\/ilrisvegliodeglielfi.it\/progetto\/en\/sostienici\/","url":"https:\/\/ilrisvegliodeglielfi.it\/progetto\/en\/sostienici\/","name":"Sostienici - Il Risveglio degli Elfi","isPartOf":{"@id":"https:\/\/ilrisvegliodeglielfi.it\/progetto\/#website"},"primaryImageOfPage":{"@id":"https:\/\/ilrisvegliodeglielfi.it\/progetto\/en\/sostienici\/#primaryimage"},"image":{"@id":"https:\/\/ilrisvegliodeglielfi.it\/progetto\/en\/sostienici\/#primaryimage"},"thumbnailUrl":"https:\/\/ilrisvegliodeglielfi.it\/progetto\/wp-content\/uploads\/2022\/04\/GnomiCarriola.webp","datePublished":"2022-04-21T19:24:00+00:00","dateModified":"2022-05-26T00:06:20+00:00","description":"Vacanza sostenibile in montagna - Dolomiti bellunesi - Locazione turistica Pedavena","breadcrumb":{"@id":"https:\/\/ilrisvegliodeglielfi.it\/progetto\/en\/sostienici\/#breadcrumb"},"inLanguage":"en-US","potentialAction":[{"@type":"ReadAction","target":["https:\/\/ilrisvegliodeglielfi.it\/progetto\/en\/sostienici\/"]}]},{"@type":"ImageObject","inLanguage":"en-US","@id":"https:\/\/ilrisvegliodeglielfi.it\/progetto\/en\/sostienici\/#primaryimage","url":"https:\/\/ilrisvegliodeglielfi.it\/progetto\/wp-content\/uploads\/2022\/04\/GnomiCarriola.webp","contentUrl":"https:\/\/ilrisvegliodeglielfi.it\/progetto\/wp-content\/uploads\/2022\/04\/GnomiCarriola.webp"},{"@type":"BreadcrumbList","@id":"https:\/\/ilrisvegliodeglielfi.it\/progetto\/en\/sostienici\/#breadcrumb","itemListElement":[{"@type":"ListItem","position":1,"name":"Home","item":"https:\/\/ilrisvegliodeglielfi.it\/progetto\/"},{"@type":"ListItem","position":2,"name":"Sostienici"}]},{"@type":"WebSite","@id":"https:\/\/ilrisvegliodeglielfi.it\/progetto\/en\/#website","url":"https:\/\/ilrisvegliodeglielfi.it\/progetto\/en\/","name":"Il Risveglio degli Elfi","description":"Progetto Natura Veneto Valbelluna Feltre","publisher":{"@id":"https:\/\/ilrisvegliodeglielfi.it\/progetto\/en\/#organization"},"potentialAction":[{"@type":"SearchAction","target":{"@type":"EntryPoint","urlTemplate":"https:\/\/ilrisvegliodeglielfi.it\/progetto\/en\/?s={search_term_string}"},"query-input":{"@type":"PropertyValueSpecification","valueRequired":true,"valueName":"search_term_string"}}],"inLanguage":"en-US"},{"@type":"Organization","@id":"https:\/\/ilrisvegliodeglielfi.it\/progetto\/en\/#organization","name":"il Risveglio degli Elfi","url":"https:\/\/ilrisvegliodeglielfi.it\/progetto\/en\/","logo":{"@type":"ImageObject","inLanguage":"en-US","@id":"https:\/\/ilrisvegliodeglielfi.it\/progetto\/en\/#\/schema\/logo\/image\/","url":"https:\/\/ilrisvegliodeglielfi.it\/progetto\/wp-content\/uploads\/2021\/11\/elf3.png?v=1650234294","contentUrl":"https:\/\/ilrisvegliodeglielfi.it\/progetto\/wp-content\/uploads\/2021\/11\/elf3.png?v=1650234294","width":1067,"height":1600,"caption":"il Risveglio degli Elfi"},"image":{"@id":"https:\/\/ilrisvegliodeglielfi.it\/progetto\/en\/#\/schema\/logo\/image\/"}}]}},"_links":{"self":[{"href":"https:\/\/ilrisvegliodeglielfi.it\/progetto\/en\/wp-json\/wp\/v2\/pages\/567","targetHints":{"allow":["GET"]}}],"collection":[{"href":"https:\/\/ilrisvegliodeglielfi.it\/progetto\/en\/wp-json\/wp\/v2\/pages"}],"about":[{"href":"https:\/\/ilrisvegliodeglielfi.it\/progetto\/en\/wp-json\/wp\/v2\/types\/page"}],"author":[{"embeddable":true,"href":"https:\/\/ilrisvegliodeglielfi.it\/progetto\/en\/wp-json\/wp\/v2\/users\/1"}],"replies":[{"embeddable":true,"href":"https:\/\/ilrisvegliodeglielfi.it\/progetto\/en\/wp-json\/wp\/v2\/comments?post=567"}],"version-history":[{"count":21,"href":"https:\/\/ilrisvegliodeglielfi.it\/progetto\/en\/wp-json\/wp\/v2\/pages\/567\/revisions"}],"predecessor-version":[{"id":1447,"href":"https:\/\/ilrisvegliodeglielfi.it\/progetto\/en\/wp-json\/wp\/v2\/pages\/567\/revisions\/1447"}],"wp:attachment":[{"href":"https:\/\/ilrisvegliodeglielfi.it\/progetto\/en\/wp-json\/wp\/v2\/media?parent=567"}],"curies":[{"name":"wp","href":"https:\/\/api.w.org\/{rel}","templated":true}]}}