{"id":805,"date":"2022-05-04T06:28:02","date_gmt":"2022-05-04T06:28:02","guid":{"rendered":"https:\/\/ilrisvegliodeglielfi.it\/progetto\/?page_id=805"},"modified":"2022-07-12T23:53:28","modified_gmt":"2022-07-12T21:53:28","slug":"regole-della-casa","status":"publish","type":"page","link":"https:\/\/ilrisvegliodeglielfi.it\/progetto\/en\/regole-della-casa\/","title":{"rendered":"Regole della Casa"},"content":{"rendered":"\n<div style=\"height:30px\" aria-hidden=\"true\" class=\"wp-block-spacer\"><\/div>\n\n\n\n<div class=\"wp-block-columns is-layout-flex wp-container-core-columns-is-layout-9d6595d7 wp-block-columns-is-layout-flex\">\n<div class=\"wp-block-column is-layout-flow wp-block-column-is-layout-flow\">\n<h2 class=\"wp-block-heading\">Regole della Casa<\/h2>\n<\/div>\n<\/div>\n\n\n\n<p class=\"has-nv-site-bg-background-color has-background has-medium-font-size\">Gentile Ospite, le regole da osservare nel nostro appartamento non sono soltanto quelle sancite dalla Legge, ma, pi\u00f9 semplicemente, sono dettate dal buon senso e dal reciproco rispetto. Queste regole potranno risultare forse eccessive, ma vogliamo considerarle dei suggerimenti utili a garanzia di un soggiorno sereno, tranquillo e senza sorprese.<\/p>\n\n\n\n<p class=\"has-nv-site-bg-background-color has-background has-medium-font-size\"><em><strong>Check-in<\/strong><\/em>: dalle ore 15 alle ore 20 (salvo necessit\u00e0 particolari). Si prega di comunicare in anticipo l&#8217;orario previsto. Al momento dell&#8217;arrivo bisogna consegnare un documento di identit\u00e0.<\/p>\n\n\n\n<p class=\"has-nv-site-bg-background-color has-background has-medium-font-size\"><em><strong>Check-out<\/strong><\/em>: entro le ore 10. Al momento della partenza bisogner\u00e0 riconsegnare le chiavi, in caso di smarrimento \u00e8 prevista una penale di 50 euro per il cambio delle serrature.<\/p>\n\n\n\n<p class=\"has-nv-site-bg-background-color has-background has-medium-font-size\"><em><strong>Prenotazione<\/strong><\/em>: \u00e8 richiesto una caparra pari al 30% dell\u2019importo totale.<\/p>\n\n\n\n<p class=\"has-nv-site-bg-background-color has-background has-medium-font-size\"><em><strong>Penali di recesso<\/strong><\/em><strong>:<\/strong> in caso di disdetta avvenuta dopo il deposito della caparra la stessa non sar\u00e0 restituita. In caso di mancato arrivo dell\u2019ospite o di arrivo ritardato o di partenza anticipata, quest\u2019ultimo \u00e8 tenuto al versamento dell\u2019intero importo della prenotazione. Oltre 61 giorni prima della data di arrivo la prenotazione pu\u00f2 essere cancellata senza il pagamento di una penale. Verr\u00e0 trattenuta solo la caparra. Disdetta tra 60 giorni e 31 giorni prima della data di arrivo: 50% del prezzo totale convenuto. Disdetta da 30 giorni a 1 giorno prima della data di arrivo: 80% del prezzo totale convenuto. Vi preghiamo di comprendere che per una piccola struttura come la nostra \u00e8 impossibile avere la stessa flessibilit\u00e0 di strutture pi\u00f9 grandi ed integrate nei circuiti del grande turismo di massa.<\/p>\n\n\n\n<p class=\"has-nv-site-bg-background-color has-background has-medium-font-size\"><em><strong>Pulizia\/stato dell&#8217;immobile<\/strong><\/em>: la casa viene consegnata all&#8217;ospite in perfetto ordine e pulizia. A fine soggiorno tutti gli eventuali guasti\/danneggiamenti devono essere risarciti. L&#8217;ospite uscente deve provvedere a lasciare l&#8217;immobile in ordine prima della partenza, svuotare e buttare tutti i rifiuti all\u2019interno della casa e lasciare pulite tutte le stoviglie, lasciare gli asciugamani sporchi sul lavandino del bagno e gli asciugamani puliti piegati sul letto.<\/p>\n\n\n\n<p class=\"has-nv-site-bg-background-color has-background has-medium-font-size\"><em><strong>Posto Auto<\/strong><\/em>: presente un posto auto negli spazi che verranno indicati al momento dell&#8217;arrivo. Per eventuali ulteriori necessit\u00e0 \u00e8 possibile utilizzare alcuni posti auto pubblici situati al centro del paesino.<\/p>\n\n\n\n<p class=\"has-nv-site-bg-background-color has-background has-medium-font-size\"><em>Scarpe<\/em>: lasciare le scarpe all\u2019ingresso. \u00c8 nostra consuetudine farlo e ve ne saremmo grati se poteste fare altrettanto.<\/p>\n\n\n\n<p class=\"has-nv-c-2-background-color has-background\"><strong>VIETATO<\/strong><\/p>\n\n\n\n<ul class=\"has-nv-site-bg-background-color has-background has-medium-font-size wp-block-list\"><li>Fumare all&#8217;interno della casa;<\/li><li>fare troppo rumore (in modo particolare tra le ore 22 e le 8);<\/li><li>far salire gli animali sui letti, sulle sedie, sul tavolo, ecc.;<\/li><li>utilizzare sostanze chimiche inquinanti per la pulizia. Il nostro \u00e8 un progetto di rispetto della natura pertanto non facciamo nessun utilizzo di sostanze che posssano inquinare la flora batterica della fossa biologica. L&#8217;appartamento \u00e8 fornito di tutti i detergenti biodegradabili per la pulizia della casa;<\/li><li>spostare i mobili (Sedie,Tavoli, letto ecc.);<\/li><li>utilizzare il WC come cestino dei rifiuti;<\/li><li>organizzare feste\/eventi e ospitare altri ospiti (umani o animali) oltre a quelli prenotati;<\/li><li>trascinare oggetti\/trolley sui pavimenti;<\/li><li>introdurre bici o altri oggetti, sono eventualmente disponibili altri spazi per il deposito;<\/li><li>portare via gli oggetti dall\u2019appartamento (asciugamani, lenzuola, sedie, tavoli, coperte, accessori, ecc.).<\/li><\/ul>\n\n\n\n<p class=\"has-nv-site-bg-background-color has-background has-medium-font-size\">Gli ospiti hanno il dovere di badare alle proprie cose e agli oggetti di valore lasciati nella casa. Noi NON siamo responsabili per l&#8217;eventuale scomparsa di questi oggetti. Quando si esce di casa, chiudere a chiave le porte e le finestre di tutto l&#8217;appartamento.<\/p>\n\n\n\n<p class=\"has-nv-site-bg-background-color has-background has-medium-font-size\">Ogni volta che si esce dalla casa \u00e9 obbligatorio: spegnere le luci, gli elettrodomestici e qualsiasi altri dispositivi elettrici, chiudere i rubinetti e&nbsp;quant&#8217;altro. \u00c8 vietato gettare rifiuti nel gabinetto, nei lavandini e negli altri posti che non sono previsti per questo, come il cortile, l&#8217;ingresso all&#8217;appartamento o le vicinanze della casa.<\/p>\n\n\n\n<p class=\"has-nv-site-bg-background-color has-background has-medium-font-size\">Il termostato \u00e8 regolato ad una temperatura con il miglior rapporto benessere\/consumi considerando anche le difficolt\u00e0 sia dal punto di vista di reperimento di materia prima per l\u2019energia sia economiche.<\/p>\n\n\n\n<p class=\"has-nv-site-bg-background-color has-background has-medium-font-size\">Non rispondiamo di eventuali disservizi dovuti a mancanza totale o parziale di forniture quali elettricit\u00e0, acqua, internet e riscaldamento se non dipendenti dalla nostra volont\u00e0.<\/p>\n\n\n\n<p class=\"has-nv-site-bg-background-color has-background has-medium-font-size\"><em><strong>RECLAMI<\/strong><\/em>: Per qualsiasi reclamo potrete rivolgervi a noi dandoci la possibilit\u00e0 di adoperarci tempestivamente per risolvere ogni problema. Eventuali reclami per fatti o eventi, tali da provocare un danno di rilievo o comunque tali da indurvi a richiedere un risarcimento per il danno subito, dovranno esserci comunicati prima della partenza, concedendoci il tempo per risolvere l\u2019eventuale problema.<\/p>\n\n\n\n<p class=\"has-nv-c-1-background-color has-background has-medium-font-size\"><em><strong>CONCLUSIONE<\/strong><\/em>: questo regolamento ha lo scopo di creare armonia tra l&#8217;affittuario ed il proprietario della casa. Tutti teniamo che la nostra casa venga trattata bene con riguardo e a tutti fa piacere trovare una casa accogliente, confortevole e pulita, dotata di tutti i servizi funzionanti, che soddisfi le vostre aspettative. La conferma della prenotazione e l\u2019inizio dell\u2019utilizzo dell\u2019unit\u00e0 affittata implicano la lettura e l\u2019accettazione del regolamento della casa, nonch\u00e9 la sua completa osservanza.<\/p>\n\n\n\n<p class=\"has-nv-c-2-background-color has-background\"><strong>NUMERI TELEFONICI UTILI:<\/strong><\/p>\n\n\n\n<p>112 &#8211; Carabinieri<br>113 &#8211; Polizia di Stato<br>115 &#8211; Vigili del fuoco<br>117 &#8211; Guardia di finanza<br>118 &#8211; Emergenza sanitaria<br>1515 &#8211; Emergenza incendio boschivo<\/p>\n\n\n\n<p><\/p>\n\n\n\n<h3 class=\"has-neve-text-color-color has-neve-link-hover-color-background-color has-text-color has-background wp-block-heading\"><strong>Documenti<\/strong><\/h3>\n\n\n\n<p class=\"has-nv-site-bg-background-color has-background has-medium-font-size\"><em>Richiesta ad ogni ospite l&#8217;esibizione di un documento di riconoscimento per le registrazioni previste dalla normativa.<\/em><\/p>\n\n\n\n<p class=\"has-nv-site-bg-background-color has-background has-medium-font-size\"><em><em>Non \u00e8 richiesto nessun altro documento per l&#8217;accesso alla Casa, in modo particolare non \u00e8 richiesta alcuna documentazione sanitaria nel pieno rispetto dei diritti individuali e della Privacy dell&#8217;Ospite.<\/em><\/em><\/p>\n\n\n\n<h3 class=\"has-neve-text-color-color has-neve-link-hover-color-background-color has-text-color has-background wp-block-heading\"><strong>Normativa<\/strong><\/h3>\n\n\n\n<p class=\"has-nv-site-bg-background-color has-background has-medium-font-size\">&#8211; codice alloggio ai sensi della normativa regionale: <strong>M0250360039<\/strong> (struttura ricettiva complementare &#8211; unit\u00e0 abitativa ammobiliata ad uso turistico).<\/p>\n\n\n\n<p class=\"has-nv-site-bg-background-color has-background has-medium-font-size\">&#8211; <a href=\"https:\/\/ilrisvegliodeglielfi.it\/progetto\/index.php\/normativa\/\">altri riferimenti normativi<\/a>.<\/p>\n\n\n\n<div style=\"height:50px\" aria-hidden=\"true\" class=\"wp-block-spacer\"><\/div>\n\n\n\n<div class=\"wp-block-buttons is-layout-flex wp-block-buttons-is-layout-flex\">\n<div class=\"wp-block-button\"><a class=\"wp-block-button__link has-neve-text-color-color has-neve-link-hover-color-background-color has-text-color has-background\" href=\"javascript:history.go(-1)\">indietro<\/a><\/div>\n<\/div>\n\n\n\n<div style=\"height:27px\" aria-hidden=\"true\" class=\"wp-block-spacer\"><\/div>\n\n\n\n<div class=\"wp-block-cover alignfull\" style=\"min-height:300px;aspect-ratio:unset;\"><span aria-hidden=\"true\" class=\"wp-block-cover__background has-nv-c-1-background-color has-background-dim\"><\/span><div class=\"wp-block-cover__inner-container is-layout-flow wp-block-cover-is-layout-flow\">\n<div style=\"height:70px\" aria-hidden=\"true\" class=\"wp-block-spacer\"><\/div>\n\n\n\n<h2 class=\"has-text-align-center has-nv-text-dark-bg-color has-text-color wp-block-heading\" id=\"contattaci-per-maggiori-informazioni-per-disponibilita-e-prenotazioni\">Contattaci per maggiori informazioni, per disponibilit\u00e0 e prenotazioni.<\/h2>\n\n\n\n<p class=\"has-text-align-center has-medium-font-size\"><\/p>\n\n\n\n<div class=\"wp-block-buttons is-horizontal is-content-justification-center is-layout-flex wp-container-core-buttons-is-layout-499968f5 wp-block-buttons-is-layout-flex\">\n<div class=\"wp-block-button is-style-primary\"><a class=\"wp-block-button__link\" href=\"\/progetto\/index.php\/contact\">Contatti<\/a><\/div>\n<\/div>\n\n\n\n<div style=\"height:70px\" aria-hidden=\"true\" class=\"wp-block-spacer\"><\/div>\n<\/div><\/div>\n\n\n\n<div style=\"height:30px\" aria-hidden=\"true\" class=\"wp-block-spacer\"><\/div>\n","protected":false},"excerpt":{"rendered":"<p>Regole della Casa Gentile Ospite, le regole da osservare nel nostro appartamento non sono soltanto quelle sancite dalla Legge, ma, pi\u00f9 semplicemente, sono dettate dal buon senso e dal reciproco rispetto. Queste regole potranno risultare forse eccessive, ma vogliamo considerarle dei suggerimenti utili a garanzia di un soggiorno sereno, tranquillo e senza sorprese. Check-in: dalle&hellip;&nbsp;<a href=\"https:\/\/ilrisvegliodeglielfi.it\/progetto\/en\/regole-della-casa\/\" rel=\"bookmark\">Read More &raquo;<span class=\"screen-reader-text\">Regole della Casa<\/span><\/a><\/p>\n","protected":false},"author":1,"featured_media":0,"parent":0,"menu_order":0,"comment_status":"closed","ping_status":"closed","template":"","meta":{"neve_meta_sidebar":"","neve_meta_container":"","neve_meta_enable_content_width":"","neve_meta_content_width":0,"neve_meta_title_alignment":"","neve_meta_author_avatar":"","neve_post_elements_order":"","neve_meta_disable_header":"","neve_meta_disable_footer":"","neve_meta_disable_title":"on","pgc_sgb_lightbox_settings":"","footnotes":""},"class_list":["post-805","page","type-page","status-publish","hentry"],"yoast_head":"<!-- This site is optimized with the Yoast SEO plugin v26.6 - https:\/\/yoast.com\/wordpress\/plugins\/seo\/ -->\n<title>Regole della Casa<\/title>\n<meta name=\"description\" content=\"Regole della Casa Gentile Ospite, le regole da osservare nel nostro appartamento non sono soltanto quelle sancite dalla Legge, ma, pi\u00f9 semplicemente, sono dettate dal buon senso e dal reciproco rispetto. Queste regole potranno risultare forse eccessive, ma vogliamo considerarle dei suggerimenti utili a garanzia di un soggiorno sereno, tranquillo e senza sorprese. Check-in: dalle&hellip;\" \/>\n<meta name=\"robots\" content=\"noindex, nofollow\" \/>\n<meta property=\"og:locale\" content=\"en_US\" \/>\n<meta property=\"og:type\" content=\"article\" \/>\n<meta property=\"og:title\" content=\"Regole della Casa\" \/>\n<meta property=\"og:description\" content=\"Regole della Casa Gentile Ospite, le regole da osservare nel nostro appartamento non sono soltanto quelle sancite dalla Legge, ma, pi\u00f9 semplicemente, sono dettate dal buon senso e dal reciproco rispetto. Queste regole potranno risultare forse eccessive, ma vogliamo considerarle dei suggerimenti utili a garanzia di un soggiorno sereno, tranquillo e senza sorprese. Check-in: dalle&hellip;\" \/>\n<meta property=\"og:url\" content=\"https:\/\/ilrisvegliodeglielfi.it\/progetto\/en\/regole-della-casa\/\" \/>\n<meta property=\"og:site_name\" content=\"Il Risveglio degli Elfi\" \/>\n<meta property=\"article:modified_time\" content=\"2022-07-12T21:53:28+00:00\" \/>\n<meta name=\"twitter:card\" content=\"summary_large_image\" \/>\n<meta name=\"twitter:label1\" content=\"Est. reading time\" \/>\n\t<meta name=\"twitter:data1\" content=\"5 minutes\" \/>\n<script type=\"application\/ld+json\" class=\"yoast-schema-graph\">{\"@context\":\"https:\/\/schema.org\",\"@graph\":[{\"@type\":\"WebPage\",\"@id\":\"https:\/\/ilrisvegliodeglielfi.it\/progetto\/en\/regole-della-casa\/\",\"url\":\"https:\/\/ilrisvegliodeglielfi.it\/progetto\/en\/regole-della-casa\/\",\"name\":\"Regole della Casa - Il Risveglio degli Elfi\",\"isPartOf\":{\"@id\":\"https:\/\/ilrisvegliodeglielfi.it\/progetto\/#website\"},\"datePublished\":\"2022-05-04T06:28:02+00:00\",\"dateModified\":\"2022-07-12T21:53:28+00:00\",\"breadcrumb\":{\"@id\":\"https:\/\/ilrisvegliodeglielfi.it\/progetto\/en\/regole-della-casa\/#breadcrumb\"},\"inLanguage\":\"en-US\",\"potentialAction\":[{\"@type\":\"ReadAction\",\"target\":[\"https:\/\/ilrisvegliodeglielfi.it\/progetto\/en\/regole-della-casa\/\"]}]},{\"@type\":\"BreadcrumbList\",\"@id\":\"https:\/\/ilrisvegliodeglielfi.it\/progetto\/en\/regole-della-casa\/#breadcrumb\",\"itemListElement\":[{\"@type\":\"ListItem\",\"position\":1,\"name\":\"Home\",\"item\":\"https:\/\/ilrisvegliodeglielfi.it\/progetto\/\"},{\"@type\":\"ListItem\",\"position\":2,\"name\":\"Regole della Casa\"}]},{\"@type\":\"WebSite\",\"@id\":\"https:\/\/ilrisvegliodeglielfi.it\/progetto\/en\/#website\",\"url\":\"https:\/\/ilrisvegliodeglielfi.it\/progetto\/en\/\",\"name\":\"Il Risveglio degli Elfi\",\"description\":\"Progetto Natura Veneto Valbelluna Feltre\",\"publisher\":{\"@id\":\"https:\/\/ilrisvegliodeglielfi.it\/progetto\/en\/#organization\"},\"potentialAction\":[{\"@type\":\"SearchAction\",\"target\":{\"@type\":\"EntryPoint\",\"urlTemplate\":\"https:\/\/ilrisvegliodeglielfi.it\/progetto\/en\/?s={search_term_string}\"},\"query-input\":{\"@type\":\"PropertyValueSpecification\",\"valueRequired\":true,\"valueName\":\"search_term_string\"}}],\"inLanguage\":\"en-US\"},{\"@type\":\"Organization\",\"@id\":\"https:\/\/ilrisvegliodeglielfi.it\/progetto\/en\/#organization\",\"name\":\"il Risveglio degli Elfi\",\"url\":\"https:\/\/ilrisvegliodeglielfi.it\/progetto\/en\/\",\"logo\":{\"@type\":\"ImageObject\",\"inLanguage\":\"en-US\",\"@id\":\"https:\/\/ilrisvegliodeglielfi.it\/progetto\/en\/#\/schema\/logo\/image\/\",\"url\":\"https:\/\/ilrisvegliodeglielfi.it\/progetto\/wp-content\/uploads\/2021\/11\/elf3.png?v=1650234294\",\"contentUrl\":\"https:\/\/ilrisvegliodeglielfi.it\/progetto\/wp-content\/uploads\/2021\/11\/elf3.png?v=1650234294\",\"width\":1067,\"height\":1600,\"caption\":\"il Risveglio degli Elfi\"},\"image\":{\"@id\":\"https:\/\/ilrisvegliodeglielfi.it\/progetto\/en\/#\/schema\/logo\/image\/\"}}]}<\/script>\n<!-- \/ Yoast SEO plugin. -->","yoast_head_json":{"title":"Regole della Casa","description":"Regole della Casa Gentile Ospite, le regole da osservare nel nostro appartamento non sono soltanto quelle sancite dalla Legge, ma, pi\u00f9 semplicemente, sono dettate dal buon senso e dal reciproco rispetto. Queste regole potranno risultare forse eccessive, ma vogliamo considerarle dei suggerimenti utili a garanzia di un soggiorno sereno, tranquillo e senza sorprese. Check-in: dalle&hellip;","robots":{"index":"noindex","follow":"nofollow"},"og_locale":"en_US","og_type":"article","og_title":"Regole della Casa","og_description":"Regole della Casa Gentile Ospite, le regole da osservare nel nostro appartamento non sono soltanto quelle sancite dalla Legge, ma, pi\u00f9 semplicemente, sono dettate dal buon senso e dal reciproco rispetto. Queste regole potranno risultare forse eccessive, ma vogliamo considerarle dei suggerimenti utili a garanzia di un soggiorno sereno, tranquillo e senza sorprese. Check-in: dalle&hellip;","og_url":"https:\/\/ilrisvegliodeglielfi.it\/progetto\/en\/regole-della-casa\/","og_site_name":"Il Risveglio degli Elfi","article_modified_time":"2022-07-12T21:53:28+00:00","twitter_card":"summary_large_image","twitter_misc":{"Est. reading time":"5 minutes"},"schema":{"@context":"https:\/\/schema.org","@graph":[{"@type":"WebPage","@id":"https:\/\/ilrisvegliodeglielfi.it\/progetto\/en\/regole-della-casa\/","url":"https:\/\/ilrisvegliodeglielfi.it\/progetto\/en\/regole-della-casa\/","name":"Regole della Casa - Il Risveglio degli Elfi","isPartOf":{"@id":"https:\/\/ilrisvegliodeglielfi.it\/progetto\/#website"},"datePublished":"2022-05-04T06:28:02+00:00","dateModified":"2022-07-12T21:53:28+00:00","breadcrumb":{"@id":"https:\/\/ilrisvegliodeglielfi.it\/progetto\/en\/regole-della-casa\/#breadcrumb"},"inLanguage":"en-US","potentialAction":[{"@type":"ReadAction","target":["https:\/\/ilrisvegliodeglielfi.it\/progetto\/en\/regole-della-casa\/"]}]},{"@type":"BreadcrumbList","@id":"https:\/\/ilrisvegliodeglielfi.it\/progetto\/en\/regole-della-casa\/#breadcrumb","itemListElement":[{"@type":"ListItem","position":1,"name":"Home","item":"https:\/\/ilrisvegliodeglielfi.it\/progetto\/"},{"@type":"ListItem","position":2,"name":"Regole della Casa"}]},{"@type":"WebSite","@id":"https:\/\/ilrisvegliodeglielfi.it\/progetto\/en\/#website","url":"https:\/\/ilrisvegliodeglielfi.it\/progetto\/en\/","name":"Il Risveglio degli Elfi","description":"Progetto Natura Veneto Valbelluna Feltre","publisher":{"@id":"https:\/\/ilrisvegliodeglielfi.it\/progetto\/en\/#organization"},"potentialAction":[{"@type":"SearchAction","target":{"@type":"EntryPoint","urlTemplate":"https:\/\/ilrisvegliodeglielfi.it\/progetto\/en\/?s={search_term_string}"},"query-input":{"@type":"PropertyValueSpecification","valueRequired":true,"valueName":"search_term_string"}}],"inLanguage":"en-US"},{"@type":"Organization","@id":"https:\/\/ilrisvegliodeglielfi.it\/progetto\/en\/#organization","name":"il Risveglio degli Elfi","url":"https:\/\/ilrisvegliodeglielfi.it\/progetto\/en\/","logo":{"@type":"ImageObject","inLanguage":"en-US","@id":"https:\/\/ilrisvegliodeglielfi.it\/progetto\/en\/#\/schema\/logo\/image\/","url":"https:\/\/ilrisvegliodeglielfi.it\/progetto\/wp-content\/uploads\/2021\/11\/elf3.png?v=1650234294","contentUrl":"https:\/\/ilrisvegliodeglielfi.it\/progetto\/wp-content\/uploads\/2021\/11\/elf3.png?v=1650234294","width":1067,"height":1600,"caption":"il Risveglio degli Elfi"},"image":{"@id":"https:\/\/ilrisvegliodeglielfi.it\/progetto\/en\/#\/schema\/logo\/image\/"}}]}},"_links":{"self":[{"href":"https:\/\/ilrisvegliodeglielfi.it\/progetto\/en\/wp-json\/wp\/v2\/pages\/805","targetHints":{"allow":["GET"]}}],"collection":[{"href":"https:\/\/ilrisvegliodeglielfi.it\/progetto\/en\/wp-json\/wp\/v2\/pages"}],"about":[{"href":"https:\/\/ilrisvegliodeglielfi.it\/progetto\/en\/wp-json\/wp\/v2\/types\/page"}],"author":[{"embeddable":true,"href":"https:\/\/ilrisvegliodeglielfi.it\/progetto\/en\/wp-json\/wp\/v2\/users\/1"}],"replies":[{"embeddable":true,"href":"https:\/\/ilrisvegliodeglielfi.it\/progetto\/en\/wp-json\/wp\/v2\/comments?post=805"}],"version-history":[{"count":11,"href":"https:\/\/ilrisvegliodeglielfi.it\/progetto\/en\/wp-json\/wp\/v2\/pages\/805\/revisions"}],"predecessor-version":[{"id":1492,"href":"https:\/\/ilrisvegliodeglielfi.it\/progetto\/en\/wp-json\/wp\/v2\/pages\/805\/revisions\/1492"}],"wp:attachment":[{"href":"https:\/\/ilrisvegliodeglielfi.it\/progetto\/en\/wp-json\/wp\/v2\/media?parent=805"}],"curies":[{"name":"wp","href":"https:\/\/api.w.org\/{rel}","templated":true}]}}