{"id":809,"date":"2022-05-04T07:43:07","date_gmt":"2022-05-04T07:43:07","guid":{"rendered":"https:\/\/ilrisvegliodeglielfi.it\/progetto\/?page_id=809"},"modified":"2022-05-10T01:16:14","modified_gmt":"2022-05-10T01:16:14","slug":"disclaimer","status":"publish","type":"page","link":"https:\/\/ilrisvegliodeglielfi.it\/progetto\/en\/disclaimer\/","title":{"rendered":"Disclaimer"},"content":{"rendered":"\n<div style=\"height:30px\" aria-hidden=\"true\" class=\"wp-block-spacer\"><\/div>\n\n\n\n<h2 class=\"wp-block-heading\">Disclaimer<\/h2>\n\n\n\n<div style=\"height:50px\" aria-hidden=\"true\" class=\"wp-block-spacer\"><\/div>\n\n\n\n<h3 class=\"wp-block-heading\">Diritto d&#8217;autore<\/h3>\n\n\n\n<p>I contenuti e le opere presenti su queste pagine e creati dai relativi autori sono soggetti al diritto d&#8217;autore. La riproduzione, la modifica, la diffusione e qualsiasi tipo di riutilizzo al di fuori dei limiti del diritto d&#8217;autore necessitano del consenso scritto del relativo autore. Il download e la copia di questo sito sono consentiti solamente previa esplicita autorizzazione.<\/p>\n\n\n\n<p>I dati contenuti nel sito web vengono creati secondo scienza e coscienza, e la loro correttezza viene verificata con grande accuratezza. Ciononostante non si possono escludere completamente errori effettivi e di contenuto. &nbsp;Il responsabile de Ilrisvegliodeglielfi.it&nbsp;declina quindi qualsiasi garanzia e responsabilit\u00e0 per la correttezza, l&#8217;attualit\u00e0 e la completezza delle informazioni messe a disposizione. Tutti i dati sono puramente indicativi.<\/p>\n\n\n\n<p>Le immagini pubblicate su questo sito sono principalmente di propriet\u00e0 dell&#8217;auore dello stesso sito ad eccezione di alcune (poche) immagini che sono state reperite su Internet, tramite ricerca libera con vari motori. In ogni caso si precisa che se qualcuno (potendo vantare diritti su immagini qui pubblicate, oppure su contenuti ed articoli, o per violazioni involontarie di copyright) avesse qualcosa da rimproverare o lamentare puo&#8217; scriverci attraverso la sezione CONTATTI.<\/p>\n\n\n\n<div style=\"height:50px\" aria-hidden=\"true\" class=\"wp-block-spacer\"><\/div>\n\n\n\n<h3 class=\"wp-block-heading\">Responsabilit\u00e0 relativa ai contenuti<\/h3>\n\n\n\n<p>Siamo responsabili dei nostri contenuti pubblicati su queste pagine ai sensi delle leggi generali. Non siamo tuttavia obbligati a controllare o in determinate circostanze ad individuare informazioni di terzi, inoltrate o memorizzate, che indichino un&#8217;attivit\u00e0 illegale.<\/p>\n\n\n\n<p>Rimangono invece invariati eventuali obblighi di rimozione o di blocco dell&#8217;utilizzo di informazioni ai sensi delle leggi generali. La responsabilit\u00e0 in tal senso pu\u00f2 essere imputabile tuttavia solamente a partire dal momento in cui si viene a conoscenza di una concreta violazione delle leggi. Se si viene a conoscenza di violazioni di legge in tal senso, rimuoveremo immediatamente detti contenuti.<\/p>\n\n\n\n<div style=\"height:50px\" aria-hidden=\"true\" class=\"wp-block-spacer\"><\/div>\n\n\n\n<h3 class=\"wp-block-heading\">Rimandi e link<\/h3>\n\n\n\n<p>Questo sito potrebbe contenere link a siti web esterni di terzi sui cui contenuti non possiamo influire. Per questo motivo decliniamo qualsiasi responsabilit\u00e0 per detti contenuti. Per i contenuti dei siti collegati tramite link \u00e8 responsabile sempre il relativo autore. La presenza di eventuali violazioni di legge dei siti collegati tramite link \u00e8 stata verificata al momento dell&#8217;inserimento del collegamento. In detto momento non era riconoscibile la presenza di contenuti illegali.<\/p>\n\n\n\n<p>Non \u00e8 tuttavia ragionevole effettuare un controllo permanente dei contenuti dei siti collegati tramite link senza indizi concreti di una violazione di legge. Se si viene a conoscenza di violazioni di legge, rimuoveremo immediatamente detti link.<\/p>\n\n\n\n<div style=\"height:50px\" aria-hidden=\"true\" class=\"wp-block-spacer\"><\/div>\n\n\n\n<h3 class=\"wp-block-heading\">Tipologia di sito<\/h3>\n\n\n\n<p>Questo sito NON rappresenta una testata giornalistica in quanto viene aggiornato senza alcuna periodicita&#8217; su vari argomenti. Non puo&#8217; pertanto considerarsi un prodotto editoriale ai sensi della legge n. 62 del 07\/03\/2001. L&#8217;Autore inoltre dichiara di NON essere responsabile per i commenti inseriti nei post. Eventuali commenti dei lettori, lesivi dell&#8217;immagine o dell&#8217;onorabilita&#8217; di persone terze NON sono da attribuirsi all&#8217;Autore che provvedera&#8217; alla loro cancellazione una volta venuto a conoscenza di un problema. Eventuali ritardi nella cancellazione di quanto sgradito non sono imputabili a nessuno. Si declina ogni responsabilita&#8217; sull&#8217;utilizzo da parte di terzi delle informazioni qui riportate.<\/p>\n\n\n\n<p>Questo sito \u00e8 da considerarsi un Blog in cui vengono pubblicati progetti, idee e riflessioni personali. Viene anche pubblicizzata un&#8217;offerta di ospitalit\u00e0 turistica effettuata a titolo personale di carattere non commerciale\/professionale.<\/p>\n\n\n\n<div style=\"height:50px\" aria-hidden=\"true\" class=\"wp-block-spacer\"><\/div>\n\n\n\n<h3 class=\"wp-block-heading\">Altra Normativa<\/h3>\n\n\n\n<p>Per altri riferimenti normativi riguardanti l&#8217;ospitalit\u00e0 turistica e la libert\u00e0 di espressione clicca qui<\/p>\n\n\n\n<div class=\"wp-block-buttons is-layout-flex wp-block-buttons-is-layout-flex\">\n<div class=\"wp-block-button\"><a class=\"wp-block-button__link has-neve-text-color-color has-nv-light-bg-background-color has-text-color has-background\" href=\"https:\/\/ilrisvegliodeglielfi.it\/progetto\/index.php\/normativa\/\">Normativa<\/a><\/div>\n<\/div>\n\n\n\n<div style=\"height:50px\" aria-hidden=\"true\" class=\"wp-block-spacer\"><\/div>\n\n\n\n<h3 class=\"wp-block-heading\">Informativa Privacy<\/h3>\n\n\n\n<p>Per prendere visione dell&#8217;Informativa sulla Privacy clicca <a href=\"https:\/\/ilrisvegliodeglielfi.it\/progetto\/index.php\/privacy-policy\/\" rel=\"nofollow\">QUI<\/a>.<\/p>\n\n\n\n<div style=\"height:60px\" aria-hidden=\"true\" class=\"wp-block-spacer\"><\/div>\n\n\n\n<div class=\"wp-block-buttons is-content-justification-center is-layout-flex wp-container-core-buttons-is-layout-16018d1d wp-block-buttons-is-layout-flex\">\n<div class=\"wp-block-button\"><a class=\"wp-block-button__link has-neve-text-color-color has-neve-link-hover-color-background-color has-text-color has-background\" href=\"javascript:history.go(-1)\">indietro<\/a><\/div>\n<\/div>\n\n\n\n<div style=\"height:30px\" aria-hidden=\"true\" class=\"wp-block-spacer\"><\/div>\n","protected":false},"excerpt":{"rendered":"<p>Disclaimer Diritto d&#8217;autore I contenuti e le opere presenti su queste pagine e creati dai relativi autori sono soggetti al diritto d&#8217;autore. La riproduzione, la modifica, la diffusione e qualsiasi tipo di riutilizzo al di fuori dei limiti del diritto d&#8217;autore necessitano del consenso scritto del relativo autore. Il download e la copia di questo&hellip;&nbsp;<a href=\"https:\/\/ilrisvegliodeglielfi.it\/progetto\/en\/disclaimer\/\" rel=\"bookmark\">Read More &raquo;<span class=\"screen-reader-text\">Disclaimer<\/span><\/a><\/p>\n","protected":false},"author":1,"featured_media":0,"parent":0,"menu_order":0,"comment_status":"closed","ping_status":"closed","template":"","meta":{"neve_meta_sidebar":"","neve_meta_container":"","neve_meta_enable_content_width":"","neve_meta_content_width":0,"neve_meta_title_alignment":"","neve_meta_author_avatar":"","neve_post_elements_order":"","neve_meta_disable_header":"","neve_meta_disable_footer":"","neve_meta_disable_title":"on","pgc_sgb_lightbox_settings":"","footnotes":""},"class_list":["post-809","page","type-page","status-publish","hentry"],"yoast_head":"<!-- This site is optimized with the Yoast SEO plugin v26.6 - https:\/\/yoast.com\/wordpress\/plugins\/seo\/ -->\n<title>Disclaimer<\/title>\n<meta name=\"description\" content=\"Disclaimer Diritto d&#039;autore I contenuti e le opere presenti su queste pagine e creati dai relativi autori sono soggetti al diritto d&#039;autore. La riproduzione, la modifica, la diffusione e qualsiasi tipo di riutilizzo al di fuori dei limiti del diritto d&#039;autore necessitano del consenso scritto del relativo autore. Il download e la copia di questo&hellip;\" \/>\n<meta name=\"robots\" content=\"noindex, nofollow\" \/>\n<meta property=\"og:locale\" content=\"en_US\" \/>\n<meta property=\"og:type\" content=\"article\" \/>\n<meta property=\"og:title\" content=\"Disclaimer\" \/>\n<meta property=\"og:description\" content=\"Disclaimer Diritto d&#039;autore I contenuti e le opere presenti su queste pagine e creati dai relativi autori sono soggetti al diritto d&#039;autore. La riproduzione, la modifica, la diffusione e qualsiasi tipo di riutilizzo al di fuori dei limiti del diritto d&#039;autore necessitano del consenso scritto del relativo autore. Il download e la copia di questo&hellip;\" \/>\n<meta property=\"og:url\" content=\"https:\/\/ilrisvegliodeglielfi.it\/progetto\/en\/disclaimer\/\" \/>\n<meta property=\"og:site_name\" content=\"Il Risveglio degli Elfi\" \/>\n<meta property=\"article:modified_time\" content=\"2022-05-10T01:16:14+00:00\" \/>\n<meta name=\"twitter:card\" content=\"summary_large_image\" \/>\n<meta name=\"twitter:label1\" content=\"Est. reading time\" \/>\n\t<meta name=\"twitter:data1\" content=\"3 minutes\" \/>\n<script type=\"application\/ld+json\" class=\"yoast-schema-graph\">{\"@context\":\"https:\/\/schema.org\",\"@graph\":[{\"@type\":\"WebPage\",\"@id\":\"https:\/\/ilrisvegliodeglielfi.it\/progetto\/en\/disclaimer\/\",\"url\":\"https:\/\/ilrisvegliodeglielfi.it\/progetto\/en\/disclaimer\/\",\"name\":\"Disclaimer - Il Risveglio degli Elfi\",\"isPartOf\":{\"@id\":\"https:\/\/ilrisvegliodeglielfi.it\/progetto\/#website\"},\"datePublished\":\"2022-05-04T07:43:07+00:00\",\"dateModified\":\"2022-05-10T01:16:14+00:00\",\"breadcrumb\":{\"@id\":\"https:\/\/ilrisvegliodeglielfi.it\/progetto\/en\/disclaimer\/#breadcrumb\"},\"inLanguage\":\"en-US\",\"potentialAction\":[{\"@type\":\"ReadAction\",\"target\":[\"https:\/\/ilrisvegliodeglielfi.it\/progetto\/en\/disclaimer\/\"]}]},{\"@type\":\"BreadcrumbList\",\"@id\":\"https:\/\/ilrisvegliodeglielfi.it\/progetto\/en\/disclaimer\/#breadcrumb\",\"itemListElement\":[{\"@type\":\"ListItem\",\"position\":1,\"name\":\"Home\",\"item\":\"https:\/\/ilrisvegliodeglielfi.it\/progetto\/\"},{\"@type\":\"ListItem\",\"position\":2,\"name\":\"Disclaimer\"}]},{\"@type\":\"WebSite\",\"@id\":\"https:\/\/ilrisvegliodeglielfi.it\/progetto\/en\/#website\",\"url\":\"https:\/\/ilrisvegliodeglielfi.it\/progetto\/en\/\",\"name\":\"Il Risveglio degli Elfi\",\"description\":\"Progetto Natura Veneto Valbelluna Feltre\",\"publisher\":{\"@id\":\"https:\/\/ilrisvegliodeglielfi.it\/progetto\/en\/#organization\"},\"potentialAction\":[{\"@type\":\"SearchAction\",\"target\":{\"@type\":\"EntryPoint\",\"urlTemplate\":\"https:\/\/ilrisvegliodeglielfi.it\/progetto\/en\/?s={search_term_string}\"},\"query-input\":{\"@type\":\"PropertyValueSpecification\",\"valueRequired\":true,\"valueName\":\"search_term_string\"}}],\"inLanguage\":\"en-US\"},{\"@type\":\"Organization\",\"@id\":\"https:\/\/ilrisvegliodeglielfi.it\/progetto\/en\/#organization\",\"name\":\"il Risveglio degli Elfi\",\"url\":\"https:\/\/ilrisvegliodeglielfi.it\/progetto\/en\/\",\"logo\":{\"@type\":\"ImageObject\",\"inLanguage\":\"en-US\",\"@id\":\"https:\/\/ilrisvegliodeglielfi.it\/progetto\/en\/#\/schema\/logo\/image\/\",\"url\":\"https:\/\/ilrisvegliodeglielfi.it\/progetto\/wp-content\/uploads\/2021\/11\/elf3.png?v=1650234294\",\"contentUrl\":\"https:\/\/ilrisvegliodeglielfi.it\/progetto\/wp-content\/uploads\/2021\/11\/elf3.png?v=1650234294\",\"width\":1067,\"height\":1600,\"caption\":\"il Risveglio degli Elfi\"},\"image\":{\"@id\":\"https:\/\/ilrisvegliodeglielfi.it\/progetto\/en\/#\/schema\/logo\/image\/\"}}]}<\/script>\n<!-- \/ Yoast SEO plugin. -->","yoast_head_json":{"title":"Disclaimer","description":"Disclaimer Diritto d'autore I contenuti e le opere presenti su queste pagine e creati dai relativi autori sono soggetti al diritto d'autore. La riproduzione, la modifica, la diffusione e qualsiasi tipo di riutilizzo al di fuori dei limiti del diritto d'autore necessitano del consenso scritto del relativo autore. Il download e la copia di questo&hellip;","robots":{"index":"noindex","follow":"nofollow"},"og_locale":"en_US","og_type":"article","og_title":"Disclaimer","og_description":"Disclaimer Diritto d'autore I contenuti e le opere presenti su queste pagine e creati dai relativi autori sono soggetti al diritto d'autore. La riproduzione, la modifica, la diffusione e qualsiasi tipo di riutilizzo al di fuori dei limiti del diritto d'autore necessitano del consenso scritto del relativo autore. Il download e la copia di questo&hellip;","og_url":"https:\/\/ilrisvegliodeglielfi.it\/progetto\/en\/disclaimer\/","og_site_name":"Il Risveglio degli Elfi","article_modified_time":"2022-05-10T01:16:14+00:00","twitter_card":"summary_large_image","twitter_misc":{"Est. reading time":"3 minutes"},"schema":{"@context":"https:\/\/schema.org","@graph":[{"@type":"WebPage","@id":"https:\/\/ilrisvegliodeglielfi.it\/progetto\/en\/disclaimer\/","url":"https:\/\/ilrisvegliodeglielfi.it\/progetto\/en\/disclaimer\/","name":"Disclaimer - Il Risveglio degli Elfi","isPartOf":{"@id":"https:\/\/ilrisvegliodeglielfi.it\/progetto\/#website"},"datePublished":"2022-05-04T07:43:07+00:00","dateModified":"2022-05-10T01:16:14+00:00","breadcrumb":{"@id":"https:\/\/ilrisvegliodeglielfi.it\/progetto\/en\/disclaimer\/#breadcrumb"},"inLanguage":"en-US","potentialAction":[{"@type":"ReadAction","target":["https:\/\/ilrisvegliodeglielfi.it\/progetto\/en\/disclaimer\/"]}]},{"@type":"BreadcrumbList","@id":"https:\/\/ilrisvegliodeglielfi.it\/progetto\/en\/disclaimer\/#breadcrumb","itemListElement":[{"@type":"ListItem","position":1,"name":"Home","item":"https:\/\/ilrisvegliodeglielfi.it\/progetto\/"},{"@type":"ListItem","position":2,"name":"Disclaimer"}]},{"@type":"WebSite","@id":"https:\/\/ilrisvegliodeglielfi.it\/progetto\/en\/#website","url":"https:\/\/ilrisvegliodeglielfi.it\/progetto\/en\/","name":"Il Risveglio degli Elfi","description":"Progetto Natura Veneto Valbelluna Feltre","publisher":{"@id":"https:\/\/ilrisvegliodeglielfi.it\/progetto\/en\/#organization"},"potentialAction":[{"@type":"SearchAction","target":{"@type":"EntryPoint","urlTemplate":"https:\/\/ilrisvegliodeglielfi.it\/progetto\/en\/?s={search_term_string}"},"query-input":{"@type":"PropertyValueSpecification","valueRequired":true,"valueName":"search_term_string"}}],"inLanguage":"en-US"},{"@type":"Organization","@id":"https:\/\/ilrisvegliodeglielfi.it\/progetto\/en\/#organization","name":"il Risveglio degli Elfi","url":"https:\/\/ilrisvegliodeglielfi.it\/progetto\/en\/","logo":{"@type":"ImageObject","inLanguage":"en-US","@id":"https:\/\/ilrisvegliodeglielfi.it\/progetto\/en\/#\/schema\/logo\/image\/","url":"https:\/\/ilrisvegliodeglielfi.it\/progetto\/wp-content\/uploads\/2021\/11\/elf3.png?v=1650234294","contentUrl":"https:\/\/ilrisvegliodeglielfi.it\/progetto\/wp-content\/uploads\/2021\/11\/elf3.png?v=1650234294","width":1067,"height":1600,"caption":"il Risveglio degli Elfi"},"image":{"@id":"https:\/\/ilrisvegliodeglielfi.it\/progetto\/en\/#\/schema\/logo\/image\/"}}]}},"_links":{"self":[{"href":"https:\/\/ilrisvegliodeglielfi.it\/progetto\/en\/wp-json\/wp\/v2\/pages\/809","targetHints":{"allow":["GET"]}}],"collection":[{"href":"https:\/\/ilrisvegliodeglielfi.it\/progetto\/en\/wp-json\/wp\/v2\/pages"}],"about":[{"href":"https:\/\/ilrisvegliodeglielfi.it\/progetto\/en\/wp-json\/wp\/v2\/types\/page"}],"author":[{"embeddable":true,"href":"https:\/\/ilrisvegliodeglielfi.it\/progetto\/en\/wp-json\/wp\/v2\/users\/1"}],"replies":[{"embeddable":true,"href":"https:\/\/ilrisvegliodeglielfi.it\/progetto\/en\/wp-json\/wp\/v2\/comments?post=809"}],"version-history":[{"count":12,"href":"https:\/\/ilrisvegliodeglielfi.it\/progetto\/en\/wp-json\/wp\/v2\/pages\/809\/revisions"}],"predecessor-version":[{"id":1199,"href":"https:\/\/ilrisvegliodeglielfi.it\/progetto\/en\/wp-json\/wp\/v2\/pages\/809\/revisions\/1199"}],"wp:attachment":[{"href":"https:\/\/ilrisvegliodeglielfi.it\/progetto\/en\/wp-json\/wp\/v2\/media?parent=809"}],"curies":[{"name":"wp","href":"https:\/\/api.w.org\/{rel}","templated":true}]}}