{"id":131,"date":"2021-12-06T10:09:09","date_gmt":"2021-12-06T10:09:09","guid":{"rendered":"https:\/\/ilrisvegliodeglielfi.it\/progetto\/?page_id=131"},"modified":"2022-05-10T01:17:49","modified_gmt":"2022-05-10T01:17:49","slug":"privacy-policy","status":"publish","type":"page","link":"https:\/\/ilrisvegliodeglielfi.it\/progetto\/privacy-policy\/","title":{"rendered":"Privacy policy"},"content":{"rendered":"\n<div style=\"height:30px\" aria-hidden=\"true\" class=\"wp-block-spacer\"><\/div>\n\n\n\n<h2 class=\"wp-block-heading\">Privacy policy<\/h2>\n\n\n\n<div style=\"height:50px\" aria-hidden=\"true\" class=\"wp-block-spacer\"><\/div>\n\n\n\n<h2 class=\"wp-block-heading\">Chi siamo<\/h2>\n\n\n\n<p>L&#8217;indirizzo di questo sito web \u00e8: https:\/\/ilrisvegliodeglielfi.it. <\/p>\n\n\n\n<p>E&#8217; un &#8220;contenitore&#8221; di idee, progetti, opinioni e soluzioni pubblicate a titolo privato (non professionale) ai sensi dell&#8217;art. 21 della Costituzione Italiana.<\/p>\n\n\n\n<h2 class=\"wp-block-heading\">Commenti\/Modulo Contatto<\/h2>\n\n\n\n<p>Quando i visitatori lasciano commenti sul sito o compilano il modulo di contatto (o ci inviano un&#8217;email), raccogliamo i dati mostrati nei relativi moduli oltre all&#8217;indirizzo IP del visitatore e la stringa dello user agent del browser per facilitare il rilevamento dello spam.<\/p>\n\n\n\n<p>Una stringa anonimizzata creata a partire dal tuo indirizzo email (altrimenti detta hash) pu\u00f2 essere fornita al servizio Gravatar per vedere se lo stai usando. La privacy policy del servizio Gravatar \u00e8 disponibile qui: https:\/\/automattic.com\/privacy\/. Dopo l&#8217;approvazione del tuo commento, la tua immagine del profilo \u00e8 visibile al pubblico nel contesto del tuo commento.<\/p>\n\n\n\n<p>I dati raccolti attraversi i moduli dei commenti o contatto possono essere utlizzati dal responsabile di questo sito o da suo incaricato per trasmettere aggiornamenti, notizie, informazioni, ecc., anche di natura commerciale e promozionale, in modo estremamente discreto e non invadente. Tali dati possono essere gestiti attraverso software di mailing list o newsletter. In qualsiasi momento gli utenti possono vedere, modificare o cancellare la registrazione dai link inseriti in calce ad ogni email\/newsletter ricevuta o inviando una richiesta specifica all\u2019indirizzo email info chiocciola ilrisvegliodeglielfi.it.<\/p>\n\n\n\n<h2 class=\"wp-block-heading\">Media<\/h2>\n\n\n\n<p>Se carichi immagini sul sito web, dovresti evitare di caricare immagini che includono i dati di posizione incorporati (EXIF GPS). I visitatori del sito web possono scaricare ed estrarre qualsiasi dato sulla posizione dalle immagini sul sito web.<\/p>\n\n\n\n<h2 class=\"wp-block-heading\">Cookie<\/h2>\n\n\n\n<p>Se lasci un commento sul nostro sito, puoi scegliere di salvare il tuo nome, indirizzo email e sito web nei cookie. Sono usati per la tua comodit\u00e0 in modo che tu non debba inserire nuovamente i tuoi dati quando lasci un altro commento. Questi cookie dureranno per un anno.<\/p>\n\n\n\n<p>Se visiti la pagina di login, verr\u00e0 impostato un cookie temporaneo per determinare se il tuo browser accetta i cookie. Questo cookie non contiene dati personali e viene eliminato quando chiudi il browser.<\/p>\n\n\n\n<p>Quando effettui l&#8217;accesso, verranno impostati diversi cookie per salvare le tue informazioni di accesso e le tue opzioni di visualizzazione dello schermo. I cookie di accesso durano due giorni mentre i cookie per le opzioni dello schermo durano un anno. Se selezioni &#8220;Ricordami&#8221;, il tuo accesso persister\u00e0 per due settimane. Se esci dal tuo account, i cookie di accesso verranno rimossi.<\/p>\n\n\n\n<p>Se modifichi o pubblichi un articolo, un cookie aggiuntivo verr\u00e0 salvato nel tuo browser. Questo cookie non include dati personali, ma indica semplicemente l&#8217;ID dell&#8217;articolo appena modificato. Scade dopo 1 giorno.<\/p>\n\n\n\n<p>Per dettagli puoi consultare la pagina <a href=\"https:\/\/ilrisvegliodeglielfi.it\/progetto\/index.php\/cookie-policy\/\" rel=\"nofollow\">Cookie Policy<\/a>.<\/p>\n\n\n\n<h2 class=\"wp-block-heading\">Contenuto incorporato da altri siti web<\/h2>\n\n\n\n<p>Gli articoli su questo sito possono includere contenuti incorporati (ad esempio video, immagini, articoli, ecc.). I contenuti incorporati da altri siti web si comportano esattamente allo stesso modo come se il visitatore avesse visitato l&#8217;altro sito web.<\/p>\n\n\n\n<p>Questi siti web possono raccogliere dati su di te, usare cookie, integrare ulteriori tracciamenti di terze parti e monitorare l&#8217;interazione con essi, incluso il tracciamento della tua interazione con il contenuto incorporato se hai un account e sei connesso a quei siti web.<\/p>\n\n\n\n<h2 class=\"wp-block-heading\">Con chi condividiamo i tuoi dati<\/h2>\n\n\n\n<p>A seconda della configurazione, questo sito pu\u00f2 mostrare widget appartenenti a terze parti, come i gestori dei social network su cui condividere le interazioni (Facebook, Twitter, Instagram, ecc.). In questo caso, anche le terze parti che erogano il widget verranno a conoscenza dell\u2019interazione effettuata e dei dati di utilizzo relativi alle pagine in cui questo servizio \u00e8 installato.<\/p>\n\n\n\n<p>I commenti dei visitatori possono essere controllati attraverso il servizio di rilevamento automatico dello spam&nbsp;Akismet. Per l\u2019analisi del commento, vengono inviati nome, indirizzo email e sito web del visitatore in analisi ai server Akismet, gestiti dalla societ\u00e0 Automattic. I dati non sono comunque n\u00e9 ceduti n\u00e9 venduti ad Akismet, che non ha il diritto di utilizzarli per altri scopi se non quelli di analisi e protezione dallo spam. Ulteriori informazioni disponibili sulla documentazione del produttore:&nbsp; <a href=\"https:\/\/automattic.com\/automattic-and-the-general-data-protection-regulation-gdpr\/\" target=\"_blank\" rel=\"noreferrer noopener\">https:\/\/automattic.com\/automattic-and-the-general-data-protection-regulation-gdpr\/<\/a> .<\/p>\n\n\n\n<p>Questo sito web utilizza un pannello di controllo per l&#8217;amministrazione dello stesso che, tra i vari servizi tecnici, fornisce un servizio di statistiche che comporta il rilevamento di alcuni dati come l&#8217;indirizzo IP e il browser agent. Ulteriori informazioni disponibili sulla documentazione del produttore: <a href=\"https:\/\/cpanel.net\/privacy-policy\/\" target=\"_blank\" rel=\"noreferrer noopener nofollow\">https:\/\/cpanel.net\/privacy-policy\/<\/a> <\/p>\n\n\n\n<h2 class=\"wp-block-heading\">Per quanto tempo conserviamo i tuoi dati<\/h2>\n\n\n\n<p>Se lasci un commento, utilizzi il modulo contatti o ci invii un&#8217;email, tutti i relativi metadati vengono conservati a tempo indeterminato. \u00c8 cos\u00ec che ad esempio possiamo eventualmente riconoscere e approvare automaticamente eventuali commenti successivi invece di tenerli in una coda di moderazione.<\/p>\n\n\n\n<p><\/p>\n\n\n\n<h2 class=\"wp-block-heading\">Quali diritti hai sui tuoi dati<\/h2>\n\n\n\n<p>Se hai un account su questo sito o hai lasciato commenti, puoi richiedere di ricevere un file esportato dal sito con i dati personali che abbiamo su di te, compresi i dati che ci hai fornito. Puoi anche richiedere che cancelliamo tutti i dati personali che ti riguardano. Questo non include i dati che siamo obbligati a conservare per scopi amministrativi, legali o di sicurezza.<\/p>\n\n\n\n<h2 class=\"wp-block-heading\">Dove spediamo i tuoi dati<\/h2>\n\n\n\n<p>I tuoi dati non verranno n\u00e8 spediti n\u00e8 venduti a terzi senza il tuo consenso.<\/p>\n\n\n\n<h2 class=\"wp-block-heading\">Informazioni\/normativa<\/h2>\n\n\n\n<p>In qualsiasi momento puoi contattarci per richiedere altre informazioni all\u2019indirizzo email <strong>info chiocciola ilrivegliodeglielfi.it<\/strong> o con il modulo di contatto alla voce di men\u00f9 \u201cContatti\u201d in alto.<\/p>\n\n\n\n<p>La presente informativa privacy \u00e8 redatta in adempimento&nbsp;dell\u2019art. 13 del D. Lgs. 196\/2003 (di seguito \u201cCodice Privacy\u201d) e dell\u2019art. 13 del Regolamento UE n. 2016\/679 (di seguito \u201cGDPR\u201d).<\/p>\n\n\n\n<div style=\"height:50px\" aria-hidden=\"true\" class=\"wp-block-spacer\"><\/div>\n\n\n\n<div class=\"wp-block-buttons is-content-justification-center is-layout-flex wp-container-core-buttons-is-layout-16018d1d wp-block-buttons-is-layout-flex\">\n<div class=\"wp-block-button\"><a class=\"wp-block-button__link has-neve-text-color-color has-neve-link-hover-color-background-color has-text-color has-background\" href=\"javascript:history.go(-1)\">indietro<\/a><\/div>\n<\/div>\n\n\n\n<div style=\"height:30px\" aria-hidden=\"true\" class=\"wp-block-spacer\"><\/div>\n","protected":false},"excerpt":{"rendered":"<p>Privacy policy Chi siamo L&#8217;indirizzo di questo sito web \u00e8: https:\/\/ilrisvegliodeglielfi.it. E&#8217; un &#8220;contenitore&#8221; di idee, progetti, opinioni e soluzioni pubblicate a titolo privato (non professionale) ai sensi dell&#8217;art. 21 della Costituzione Italiana. Commenti\/Modulo Contatto Quando i visitatori lasciano commenti sul sito o compilano il modulo di contatto (o ci inviano un&#8217;email), raccogliamo i dati&hellip;&nbsp;<a href=\"https:\/\/ilrisvegliodeglielfi.it\/progetto\/privacy-policy\/\" rel=\"bookmark\">Leggi tutto &raquo;<span class=\"screen-reader-text\">Privacy policy<\/span><\/a><\/p>\n","protected":false},"author":1,"featured_media":0,"parent":0,"menu_order":0,"comment_status":"closed","ping_status":"closed","template":"","meta":{"neve_meta_sidebar":"","neve_meta_container":"","neve_meta_enable_content_width":"","neve_meta_content_width":0,"neve_meta_title_alignment":"","neve_meta_author_avatar":"","neve_post_elements_order":"","neve_meta_disable_header":"","neve_meta_disable_footer":"","neve_meta_disable_title":"on","pgc_sgb_lightbox_settings":"","footnotes":""},"class_list":["post-131","page","type-page","status-publish","hentry"],"yoast_head":"<!-- This site is optimized with the Yoast SEO plugin v26.6 - https:\/\/yoast.com\/wordpress\/plugins\/seo\/ -->\n<title>Privacy policy - Il Risveglio degli Elfi<\/title>\n<meta name=\"robots\" content=\"noindex, nofollow\" \/>\n<meta property=\"og:locale\" content=\"it_IT\" \/>\n<meta property=\"og:type\" content=\"article\" \/>\n<meta property=\"og:title\" content=\"Privacy policy - Il Risveglio degli Elfi\" \/>\n<meta property=\"og:description\" content=\"Privacy policy Chi siamo L&#8217;indirizzo di questo sito web \u00e8: https:\/\/ilrisvegliodeglielfi.it. E&#8217; un &#8220;contenitore&#8221; di idee, progetti, opinioni e soluzioni pubblicate a titolo privato (non professionale) ai sensi dell&#8217;art. 21 della Costituzione Italiana. Commenti\/Modulo Contatto Quando i visitatori lasciano commenti sul sito o compilano il modulo di contatto (o ci inviano un&#8217;email), raccogliamo i dati&hellip;&nbsp;Leggi tutto &raquo;Privacy policy\" \/>\n<meta property=\"og:url\" content=\"https:\/\/ilrisvegliodeglielfi.it\/progetto\/privacy-policy\/\" \/>\n<meta property=\"og:site_name\" content=\"Il Risveglio degli Elfi\" \/>\n<meta property=\"article:modified_time\" content=\"2022-05-10T01:17:49+00:00\" \/>\n<meta name=\"twitter:card\" content=\"summary_large_image\" \/>\n<meta name=\"twitter:label1\" content=\"Tempo di lettura stimato\" \/>\n\t<meta name=\"twitter:data1\" content=\"4 minuti\" \/>\n<script type=\"application\/ld+json\" class=\"yoast-schema-graph\">{\"@context\":\"https:\/\/schema.org\",\"@graph\":[{\"@type\":\"WebPage\",\"@id\":\"https:\/\/ilrisvegliodeglielfi.it\/progetto\/privacy-policy\/\",\"url\":\"https:\/\/ilrisvegliodeglielfi.it\/progetto\/privacy-policy\/\",\"name\":\"Privacy policy - Il Risveglio degli Elfi\",\"isPartOf\":{\"@id\":\"https:\/\/ilrisvegliodeglielfi.it\/progetto\/#website\"},\"datePublished\":\"2021-12-06T10:09:09+00:00\",\"dateModified\":\"2022-05-10T01:17:49+00:00\",\"breadcrumb\":{\"@id\":\"https:\/\/ilrisvegliodeglielfi.it\/progetto\/privacy-policy\/#breadcrumb\"},\"inLanguage\":\"it-IT\",\"potentialAction\":[{\"@type\":\"ReadAction\",\"target\":[\"https:\/\/ilrisvegliodeglielfi.it\/progetto\/privacy-policy\/\"]}]},{\"@type\":\"BreadcrumbList\",\"@id\":\"https:\/\/ilrisvegliodeglielfi.it\/progetto\/privacy-policy\/#breadcrumb\",\"itemListElement\":[{\"@type\":\"ListItem\",\"position\":1,\"name\":\"Home\",\"item\":\"https:\/\/ilrisvegliodeglielfi.it\/progetto\/\"},{\"@type\":\"ListItem\",\"position\":2,\"name\":\"Privacy policy\"}]},{\"@type\":\"WebSite\",\"@id\":\"https:\/\/ilrisvegliodeglielfi.it\/progetto\/#website\",\"url\":\"https:\/\/ilrisvegliodeglielfi.it\/progetto\/\",\"name\":\"Il Risveglio degli Elfi\",\"description\":\"Progetto Natura Veneto Valbelluna Feltre\",\"publisher\":{\"@id\":\"https:\/\/ilrisvegliodeglielfi.it\/progetto\/#organization\"},\"potentialAction\":[{\"@type\":\"SearchAction\",\"target\":{\"@type\":\"EntryPoint\",\"urlTemplate\":\"https:\/\/ilrisvegliodeglielfi.it\/progetto\/?s={search_term_string}\"},\"query-input\":{\"@type\":\"PropertyValueSpecification\",\"valueRequired\":true,\"valueName\":\"search_term_string\"}}],\"inLanguage\":\"it-IT\"},{\"@type\":\"Organization\",\"@id\":\"https:\/\/ilrisvegliodeglielfi.it\/progetto\/#organization\",\"name\":\"il Risveglio degli Elfi\",\"url\":\"https:\/\/ilrisvegliodeglielfi.it\/progetto\/\",\"logo\":{\"@type\":\"ImageObject\",\"inLanguage\":\"it-IT\",\"@id\":\"https:\/\/ilrisvegliodeglielfi.it\/progetto\/#\/schema\/logo\/image\/\",\"url\":\"https:\/\/ilrisvegliodeglielfi.it\/progetto\/wp-content\/uploads\/2021\/11\/elf3.png?v=1650234294\",\"contentUrl\":\"https:\/\/ilrisvegliodeglielfi.it\/progetto\/wp-content\/uploads\/2021\/11\/elf3.png?v=1650234294\",\"width\":1067,\"height\":1600,\"caption\":\"il Risveglio degli Elfi\"},\"image\":{\"@id\":\"https:\/\/ilrisvegliodeglielfi.it\/progetto\/#\/schema\/logo\/image\/\"}}]}<\/script>\n<!-- \/ Yoast SEO plugin. -->","yoast_head_json":{"title":"Privacy policy - Il Risveglio degli Elfi","robots":{"index":"noindex","follow":"nofollow"},"og_locale":"it_IT","og_type":"article","og_title":"Privacy policy - Il Risveglio degli Elfi","og_description":"Privacy policy Chi siamo L&#8217;indirizzo di questo sito web \u00e8: https:\/\/ilrisvegliodeglielfi.it. E&#8217; un &#8220;contenitore&#8221; di idee, progetti, opinioni e soluzioni pubblicate a titolo privato (non professionale) ai sensi dell&#8217;art. 21 della Costituzione Italiana. Commenti\/Modulo Contatto Quando i visitatori lasciano commenti sul sito o compilano il modulo di contatto (o ci inviano un&#8217;email), raccogliamo i dati&hellip;&nbsp;Leggi tutto &raquo;Privacy policy","og_url":"https:\/\/ilrisvegliodeglielfi.it\/progetto\/privacy-policy\/","og_site_name":"Il Risveglio degli Elfi","article_modified_time":"2022-05-10T01:17:49+00:00","twitter_card":"summary_large_image","twitter_misc":{"Tempo di lettura stimato":"4 minuti"},"schema":{"@context":"https:\/\/schema.org","@graph":[{"@type":"WebPage","@id":"https:\/\/ilrisvegliodeglielfi.it\/progetto\/privacy-policy\/","url":"https:\/\/ilrisvegliodeglielfi.it\/progetto\/privacy-policy\/","name":"Privacy policy - Il Risveglio degli Elfi","isPartOf":{"@id":"https:\/\/ilrisvegliodeglielfi.it\/progetto\/#website"},"datePublished":"2021-12-06T10:09:09+00:00","dateModified":"2022-05-10T01:17:49+00:00","breadcrumb":{"@id":"https:\/\/ilrisvegliodeglielfi.it\/progetto\/privacy-policy\/#breadcrumb"},"inLanguage":"it-IT","potentialAction":[{"@type":"ReadAction","target":["https:\/\/ilrisvegliodeglielfi.it\/progetto\/privacy-policy\/"]}]},{"@type":"BreadcrumbList","@id":"https:\/\/ilrisvegliodeglielfi.it\/progetto\/privacy-policy\/#breadcrumb","itemListElement":[{"@type":"ListItem","position":1,"name":"Home","item":"https:\/\/ilrisvegliodeglielfi.it\/progetto\/"},{"@type":"ListItem","position":2,"name":"Privacy policy"}]},{"@type":"WebSite","@id":"https:\/\/ilrisvegliodeglielfi.it\/progetto\/#website","url":"https:\/\/ilrisvegliodeglielfi.it\/progetto\/","name":"Il Risveglio degli Elfi","description":"Progetto Natura Veneto Valbelluna Feltre","publisher":{"@id":"https:\/\/ilrisvegliodeglielfi.it\/progetto\/#organization"},"potentialAction":[{"@type":"SearchAction","target":{"@type":"EntryPoint","urlTemplate":"https:\/\/ilrisvegliodeglielfi.it\/progetto\/?s={search_term_string}"},"query-input":{"@type":"PropertyValueSpecification","valueRequired":true,"valueName":"search_term_string"}}],"inLanguage":"it-IT"},{"@type":"Organization","@id":"https:\/\/ilrisvegliodeglielfi.it\/progetto\/#organization","name":"il Risveglio degli Elfi","url":"https:\/\/ilrisvegliodeglielfi.it\/progetto\/","logo":{"@type":"ImageObject","inLanguage":"it-IT","@id":"https:\/\/ilrisvegliodeglielfi.it\/progetto\/#\/schema\/logo\/image\/","url":"https:\/\/ilrisvegliodeglielfi.it\/progetto\/wp-content\/uploads\/2021\/11\/elf3.png?v=1650234294","contentUrl":"https:\/\/ilrisvegliodeglielfi.it\/progetto\/wp-content\/uploads\/2021\/11\/elf3.png?v=1650234294","width":1067,"height":1600,"caption":"il Risveglio degli Elfi"},"image":{"@id":"https:\/\/ilrisvegliodeglielfi.it\/progetto\/#\/schema\/logo\/image\/"}}]}},"_links":{"self":[{"href":"https:\/\/ilrisvegliodeglielfi.it\/progetto\/wp-json\/wp\/v2\/pages\/131","targetHints":{"allow":["GET"]}}],"collection":[{"href":"https:\/\/ilrisvegliodeglielfi.it\/progetto\/wp-json\/wp\/v2\/pages"}],"about":[{"href":"https:\/\/ilrisvegliodeglielfi.it\/progetto\/wp-json\/wp\/v2\/types\/page"}],"author":[{"embeddable":true,"href":"https:\/\/ilrisvegliodeglielfi.it\/progetto\/wp-json\/wp\/v2\/users\/1"}],"replies":[{"embeddable":true,"href":"https:\/\/ilrisvegliodeglielfi.it\/progetto\/wp-json\/wp\/v2\/comments?post=131"}],"version-history":[{"count":10,"href":"https:\/\/ilrisvegliodeglielfi.it\/progetto\/wp-json\/wp\/v2\/pages\/131\/revisions"}],"predecessor-version":[{"id":1201,"href":"https:\/\/ilrisvegliodeglielfi.it\/progetto\/wp-json\/wp\/v2\/pages\/131\/revisions\/1201"}],"wp:attachment":[{"href":"https:\/\/ilrisvegliodeglielfi.it\/progetto\/wp-json\/wp\/v2\/media?parent=131"}],"curies":[{"name":"wp","href":"https:\/\/api.w.org\/{rel}","templated":true}]}}